{"id":9565,"date":"2026-03-23T06:39:38","date_gmt":"2026-03-23T05:39:38","guid":{"rendered":"https:\/\/mc-pixelhausen.de\/?page_id=9565"},"modified":"2026-03-23T06:57:48","modified_gmt":"2026-03-23T05:57:48","slug":"hilfe-feld","status":"publish","type":"page","link":"https:\/\/mc-pixelhausen.de\/?page_id=9565","title":{"rendered":"Hilfe Feld"},"content":{"rendered":"\t\t<div data-elementor-type=\"wp-page\" data-elementor-id=\"9565\" class=\"elementor elementor-9565\" data-elementor-post-type=\"page\">\n\t\t\t\t<div class=\"elementor-element elementor-element-a506297 e-flex e-con-boxed e-con e-parent\" data-id=\"a506297\" data-element_type=\"container\" data-e-type=\"container\">\n\t\t\t\t\t<div class=\"e-con-inner\">\n\t\t<div class=\"elementor-element elementor-element-a2b8bfc e-con-full e-flex e-con e-child\" data-id=\"a2b8bfc\" data-element_type=\"container\" data-e-type=\"container\">\n\t\t\t\t<div class=\"elementor-element elementor-element-21b88de elementor-widget elementor-widget-text-editor\" data-id=\"21b88de\" data-element_type=\"widget\" data-e-type=\"widget\" data-widget_type=\"text-editor.default\">\n\t\t\t\t\t\t\t\t\t<h3 style=\"text-align: center;\" data-path-to-node=\"2\">\ud83d\udcd0 Beispiel-Layout: Maximale Effizienz auf 4&#215;4<\/h3><p style=\"text-align: center;\" data-path-to-node=\"3\">Dieses Bild zeigt einen beispielhaften Aufbau, um das volle Potenzial deines Farmer- und Sprinkler-Systems auszusch\u00f6pfen. Da beide Module einen festen <b data-path-to-node=\"3\" data-index-in-node=\"151\">Radius von 4&#215;4 Bl\u00f6cken<\/b> haben, hilft dieses Design dabei, keinen Platz zu verschwenden.<\/p><p style=\"text-align: center;\" data-path-to-node=\"4\"><b data-path-to-node=\"4\" data-index-in-node=\"0\">Details zum Beispiel-Aufbau:<\/b><\/p><ul style=\"text-align: center;\" data-path-to-node=\"5\"><li><p data-path-to-node=\"5,0,0\"><b data-path-to-node=\"5,0,0\" data-index-in-node=\"0\">Zoneneinteilung<\/b>: Das Feld ist in klare Segmente unterteilt, die genau auf die Reichweite der Module abgestimmt sind.<\/p><\/li><li><p data-path-to-node=\"5,1,0\"><b data-path-to-node=\"5,1,0\" data-index-in-node=\"0\">Zentrale Wasserversorgung<\/b>: Die blauen Markierungen (Wasser-Bl\u00f6cke) dienen als Ankerpunkte. Hier kann ein <b data-path-to-node=\"5,1,0\" data-index-in-node=\"105\">Sprinkler<\/b> platziert werden, um die umliegenden 4&#215;4-Fl\u00e4chen konstant feucht zu halten.<\/p><\/li><li><p data-path-to-node=\"5,2,0\"><b data-path-to-node=\"5,2,0\" data-index-in-node=\"0\">Optimale Wege<\/b>: Die hellen Pfade zwischen den Feldern erm\u00f6glichen es dir, Farmer-Module so zu platzieren, dass sie die Beete perfekt erreichen, ohne die Anbaufl\u00e4che zu blockieren.<\/p><\/li><li><p data-path-to-node=\"5,3,0\"><b data-path-to-node=\"5,3,0\" data-index-in-node=\"0\">Symmetrie<\/b>: Durch diesen modularen Aufbau l\u00e4sst sich das Feld in jede Richtung erweitern. Du kannst einfach mehrere dieser 4&#215;4-Einheiten aneinanderreihen, um eine riesige, vollautomatische Farm zu erstellen.<\/p><\/li><\/ul><blockquote data-path-to-node=\"6\"><p style=\"text-align: center;\" data-path-to-node=\"6,0\"><b data-path-to-node=\"6,0\" data-index-in-node=\"0\">Hinweis<\/b>: Dies ist nur ein Struktur-Beispiel. Du kannst die Anordnung nat\u00fcrlich an deine eigene Base und deine Bed\u00fcrfnisse anpassen, solange du den 4&#215;4-Radius im Hinterkopf beh\u00e4ltst.<\/p><\/blockquote>\t\t\t\t\t\t\t\t<\/div>\n\t\t\t\t<\/div>\n\t\t<div class=\"elementor-element elementor-element-d1d333d e-con-full e-flex e-con e-child\" data-id=\"d1d333d\" data-element_type=\"container\" data-e-type=\"container\">\n\t\t\t\t<div class=\"elementor-element elementor-element-d44e50f elementor-widget elementor-widget-image\" data-id=\"d44e50f\" data-element_type=\"widget\" data-e-type=\"widget\" data-widget_type=\"image.default\">\n\t\t\t\t\t\t\t\t\t\t\t\t\t\t\t<img fetchpriority=\"high\" decoding=\"async\" width=\"614\" height=\"815\" src=\"https:\/\/mc-pixelhausen.de\/wp-content\/uploads\/2026\/03\/Screenshot-2026-03-23-053540.png\" class=\"attachment-large size-large wp-image-9561\" alt=\"\" srcset=\"https:\/\/mc-pixelhausen.de\/wp-content\/uploads\/2026\/03\/Screenshot-2026-03-23-053540.png 614w, https:\/\/mc-pixelhausen.de\/wp-content\/uploads\/2026\/03\/Screenshot-2026-03-23-053540-226x300.png 226w\" sizes=\"(max-width: 614px) 100vw, 614px\" \/>\t\t\t\t\t\t\t\t\t\t\t\t\t\t\t<\/div>\n\t\t\t\t<\/div>\n\t\t\t\t\t<\/div>\n\t\t\t\t<\/div>\n\t\t<div class=\"elementor-element elementor-element-aab4f82 e-flex e-con-boxed e-con e-parent\" data-id=\"aab4f82\" data-element_type=\"container\" data-e-type=\"container\">\n\t\t\t\t\t<div class=\"e-con-inner\">\n\t\t<div class=\"elementor-element elementor-element-fc07cbc e-con-full e-flex e-con e-child\" data-id=\"fc07cbc\" data-element_type=\"container\" data-e-type=\"container\">\n\t\t\t\t<div class=\"elementor-element elementor-element-52da782 elementor-widget elementor-widget-image\" data-id=\"52da782\" data-element_type=\"widget\" data-e-type=\"widget\" data-widget_type=\"image.default\">\n\t\t\t\t\t\t\t\t\t\t\t\t\t\t\t<img decoding=\"async\" width=\"673\" height=\"782\" src=\"https:\/\/mc-pixelhausen.de\/wp-content\/uploads\/2026\/03\/Screenshot-2026-03-23-054147.png\" class=\"attachment-large size-large wp-image-9567\" alt=\"\" srcset=\"https:\/\/mc-pixelhausen.de\/wp-content\/uploads\/2026\/03\/Screenshot-2026-03-23-054147.png 673w, https:\/\/mc-pixelhausen.de\/wp-content\/uploads\/2026\/03\/Screenshot-2026-03-23-054147-258x300.png 258w\" sizes=\"(max-width: 673px) 100vw, 673px\" \/>\t\t\t\t\t\t\t\t\t\t\t\t\t\t\t<\/div>\n\t\t\t\t<\/div>\n\t\t<div class=\"elementor-element elementor-element-c637072 e-con-full e-flex e-con e-child\" data-id=\"c637072\" data-element_type=\"container\" data-e-type=\"container\">\n\t\t\t\t<div class=\"elementor-element elementor-element-914c979 elementor-widget elementor-widget-text-editor\" data-id=\"914c979\" data-element_type=\"widget\" data-e-type=\"widget\" data-widget_type=\"text-editor.default\">\n\t\t\t\t\t\t\t\t\t<h3 style=\"text-align: center;\" data-path-to-node=\"2\">\ud83d\udca7 Optimiertes Feld-Design: Sprinkler &amp; Wasser-Versetzung<\/h3><p style=\"text-align: center;\" data-path-to-node=\"3\">Dieses Beispiel zeigt die n\u00e4chste Stufe deiner Farm-Automatisierung. Hier wurde das Layout gezielt angepasst, um die Effizienz deines Sprinkler-Plugins mit der nat\u00fcrlichen Wasserversorgung zu kombinieren.<\/p><p style=\"text-align: center;\" data-path-to-node=\"4\"><b data-path-to-node=\"4\" data-index-in-node=\"0\">Die Besonderheiten dieses Umbaus:<\/b><\/p><ul data-path-to-node=\"5\"><li style=\"text-align: center;\"><p data-path-to-node=\"5,0,0\"><b data-path-to-node=\"5,0,0\" data-index-in-node=\"0\">Zentrale Sprinkler-Position:<\/b> In der Mitte des Feldes wurde ein Sprinkler (erkennbar am Spender-Block) platziert. Von dieser Position aus nutzt er seinen <b data-path-to-node=\"5,0,0\" data-index-in-node=\"153\">4&#215;4 Radius<\/b> optimal aus, um alle umliegenden Ackerfl\u00e4chen gleichzeitig zu bew\u00e4ssern.<\/p><\/li><li style=\"text-align: center;\"><p data-path-to-node=\"5,1,0\"><b data-path-to-node=\"5,1,0\" data-index-in-node=\"0\">Strategische Wasser-Versetzung:<\/b> Die Wasserbl\u00f6cke wurden so versetzt, dass sie die Bodenfeuchtigkeit in den Bereichen unterst\u00fctzen, die am weitesten vom Zentrum entfernt sind. Dies stellt sicher, dass das gesamte <b data-path-to-node=\"5,1,0\" data-index-in-node=\"212\">Set<\/b> an Anbaufl\u00e4chen dauerhaft bew\u00e4ssert bleibt.<\/p><\/li><li style=\"text-align: center;\"><p data-path-to-node=\"5,2,0\"><b data-path-to-node=\"5,2,0\" data-index-in-node=\"0\">Platz f\u00fcr den Farmer:<\/b> Durch die kompakte Anordnung des Sprinklers in der Mitte bleibt an den R\u00e4ndern und auf den Pfaden gen\u00fcgend Raum, um Farmer-Module zu platzieren, die die Ernte automatisch einbringen.<\/p><\/li><li><p style=\"text-align: center;\" data-path-to-node=\"5,3,0\"><b data-path-to-node=\"5,3,0\" data-index-in-node=\"0\">K\u00fcrbis- &amp; Melonen-Eignung:<\/b> Das Layout ist so gestaltet, dass auch Feldfr\u00fcchte, die einen freien Nachbarblock zum Wachsen ben\u00f6tigen (wie der gezeigte K\u00fcrbis), ideal gedeihen k\u00f6nnen.<\/p><\/li><\/ul>\t\t\t\t\t\t\t\t<\/div>\n\t\t\t\t<\/div>\n\t\t\t\t\t<\/div>\n\t\t\t\t<\/div>\n\t\t<div class=\"elementor-element elementor-element-da512ca e-flex e-con-boxed e-con e-parent\" data-id=\"da512ca\" data-element_type=\"container\" data-e-type=\"container\">\n\t\t\t\t\t<div class=\"e-con-inner\">\n\t\t<div class=\"elementor-element elementor-element-04416b2 e-con-full e-flex e-con e-child\" data-id=\"04416b2\" data-element_type=\"container\" data-e-type=\"container\">\n\t\t\t\t<div class=\"elementor-element elementor-element-94ba3d5 elementor-widget elementor-widget-text-editor\" data-id=\"94ba3d5\" data-element_type=\"widget\" data-e-type=\"widget\" data-widget_type=\"text-editor.default\">\n\t\t\t\t\t\t\t\t\t<h3 style=\"text-align: center;\" data-path-to-node=\"3\">\ud83d\ude80 High-End Automatisierung: Farmer auf Wasser-Basis<\/h3><p style=\"text-align: center;\" data-path-to-node=\"4\">In diesem Umbau siehst du, wie du jeden verf\u00fcgbaren Block effizient nutzt. Durch einen kleinen Trick bei der Platzierung kannst du den Sprinkler und mehrere Farmer auf engstem Raum kombinieren.<\/p><p style=\"text-align: center;\" data-path-to-node=\"5\"><b data-path-to-node=\"5\" data-index-in-node=\"0\">Die Besonderheiten dieses Aufbaus:<\/b><\/p><ul style=\"text-align: center;\" data-path-to-node=\"6\"><li><p data-path-to-node=\"6,0,0\"><b data-path-to-node=\"6,0,0\" data-index-in-node=\"0\">Der Mangroven-Trick:<\/b> Um die Farmer direkt \u00fcber der Wasserquelle zu platzieren, wurden <b data-path-to-node=\"6,0,0\" data-index-in-node=\"86\">Mangrovenwurzeln<\/b> in das Wasser gesetzt. Diese sind &#8222;waterloggable&#8220; \u2013 das hei\u00dft, sie blockieren das Wasser nicht, dienen aber als solider Untergrund, um die Farmer-Module (Observer-Bl\u00f6cke) darauf zu platzieren.<\/p><\/li><li><p data-path-to-node=\"6,1,0\"><b data-path-to-node=\"6,1,0\" data-index-in-node=\"0\">Doppelte Farmer-Power:<\/b> Durch das Hinzuf\u00fcgen von zwei Farmern (oben und unten im Bild) wird die Ernte-Frequenz verdoppelt. Jeder Farmer \u00fcberwacht seinen eigenen <b data-path-to-node=\"6,1,0\" data-index-in-node=\"160\">4&#215;4 Bereich<\/b>, sodass das gesamte Feld-<b data-path-to-node=\"6,1,0\" data-index-in-node=\"197\">Set<\/b> l\u00fcckenlos abgedeckt ist.<\/p><\/li><li><p data-path-to-node=\"6,2,0\"><b data-path-to-node=\"6,2,0\" data-index-in-node=\"0\">Zentraler Sprinkler:<\/b> In der Mitte bleibt der Sprinkler aktiv, um das Wachstum im gesamten Umkreis zu beschleunigen, w\u00e4hrend die Farmer die Arbeit erledigen.<\/p><\/li><li><p data-path-to-node=\"6,3,0\"><b data-path-to-node=\"6,3,0\" data-index-in-node=\"0\">Vollautomatische Logistik:<\/b> Da die Farmer nun direkt auf den Wasserwegen sitzen, bleibt die restliche Ackerfl\u00e4che komplett frei f\u00fcr deine Pflanzen.<\/p><\/li><\/ul><h3 style=\"text-align: center;\" data-path-to-node=\"7\">\ud83d\udca1 Warum Mangrovenwurzeln?<\/h3><p style=\"text-align: center;\" data-path-to-node=\"8\">Normalerweise w\u00fcrden Bl\u00f6cke das Wasser verdr\u00e4ngen, was die Bew\u00e4sserung der Erde st\u00f6ren k\u00f6nnte. Mangrovenwurzeln halten das Wasser an seinem Platz und erm\u00f6glichen es dir gleichzeitig, deine Automatisierung genau dort zu bauen, wo sie am effektivsten ist.<\/p>\t\t\t\t\t\t\t\t<\/div>\n\t\t\t\t<\/div>\n\t\t<div class=\"elementor-element elementor-element-beb5b4e e-con-full e-flex e-con e-child\" data-id=\"beb5b4e\" data-element_type=\"container\" data-e-type=\"container\">\n\t\t\t\t<div class=\"elementor-element elementor-element-0237fd5 elementor-widget elementor-widget-image\" data-id=\"0237fd5\" data-element_type=\"widget\" data-e-type=\"widget\" data-widget_type=\"image.default\">\n\t\t\t\t\t\t\t\t\t\t\t\t\t\t\t<img decoding=\"async\" width=\"686\" height=\"798\" src=\"https:\/\/mc-pixelhausen.de\/wp-content\/uploads\/2026\/03\/Screenshot-2026-03-23-060706.png\" class=\"attachment-large size-large wp-image-9571\" alt=\"\" srcset=\"https:\/\/mc-pixelhausen.de\/wp-content\/uploads\/2026\/03\/Screenshot-2026-03-23-060706.png 686w, https:\/\/mc-pixelhausen.de\/wp-content\/uploads\/2026\/03\/Screenshot-2026-03-23-060706-258x300.png 258w\" sizes=\"(max-width: 686px) 100vw, 686px\" \/>\t\t\t\t\t\t\t\t\t\t\t\t\t\t\t<\/div>\n\t\t\t\t<\/div>\n\t\t\t\t\t<\/div>\n\t\t\t\t<\/div>\n\t\t<div class=\"elementor-element elementor-element-591e37c e-flex e-con-boxed e-con e-parent\" data-id=\"591e37c\" data-element_type=\"container\" data-e-type=\"container\">\n\t\t\t\t\t<div class=\"e-con-inner\">\n\t\t<div class=\"elementor-element elementor-element-5439fcf e-con-full e-flex e-con e-child\" data-id=\"5439fcf\" data-element_type=\"container\" data-e-type=\"container\">\n\t\t\t\t<div class=\"elementor-element elementor-element-52b40c9 elementor-widget elementor-widget-image\" data-id=\"52b40c9\" data-element_type=\"widget\" data-e-type=\"widget\" data-widget_type=\"image.default\">\n\t\t\t\t\t\t\t\t\t\t\t\t\t\t\t<img loading=\"lazy\" decoding=\"async\" width=\"816\" height=\"787\" src=\"https:\/\/mc-pixelhausen.de\/wp-content\/uploads\/2026\/03\/Screenshot-2026-03-23-062220.png\" class=\"attachment-large size-large wp-image-9575\" alt=\"\" srcset=\"https:\/\/mc-pixelhausen.de\/wp-content\/uploads\/2026\/03\/Screenshot-2026-03-23-062220.png 816w, https:\/\/mc-pixelhausen.de\/wp-content\/uploads\/2026\/03\/Screenshot-2026-03-23-062220-300x289.png 300w, https:\/\/mc-pixelhausen.de\/wp-content\/uploads\/2026\/03\/Screenshot-2026-03-23-062220-768x741.png 768w\" sizes=\"(max-width: 816px) 100vw, 816px\" \/>\t\t\t\t\t\t\t\t\t\t\t\t\t\t\t<\/div>\n\t\t\t\t<\/div>\n\t\t<div class=\"elementor-element elementor-element-84b9372 e-con-full e-flex e-con e-child\" data-id=\"84b9372\" data-element_type=\"container\" data-e-type=\"container\">\n\t\t\t\t<div class=\"elementor-element elementor-element-0eec1e5 elementor-widget elementor-widget-text-editor\" data-id=\"0eec1e5\" data-element_type=\"widget\" data-e-type=\"widget\" data-widget_type=\"text-editor.default\">\n\t\t\t\t\t\t\t\t\t<h3 style=\"text-align: center;\" data-path-to-node=\"3\">\ud83d\udd25 High-Speed Farming: 1-Tick Ernte mit dem Sprinkler-Boost<\/h3><p style=\"text-align: center;\" data-path-to-node=\"4\">Wenn dein Feld komplett bepflanzt ist, zeigt das System seine wahre St\u00e4rke. Durch die direkte Interaktion zwischen Sprinkler und Farmer entsteht ein Kreislauf, der deine Lager in Rekordzeit f\u00fcllt.<\/p><p style=\"text-align: center;\" data-path-to-node=\"5\"><b data-path-to-node=\"5\" data-index-in-node=\"0\">Die Highlights dieses Setups:<\/b><\/p><ul style=\"text-align: center;\" data-path-to-node=\"6\"><li><p data-path-to-node=\"6,0,0\"><b data-path-to-node=\"6,0,0\" data-index-in-node=\"0\">Der Sprinkler-Speicher:<\/b> Du kannst den Sprinkler mit bis zu <b data-path-to-node=\"6,0,0\" data-index-in-node=\"59\">50 Wasser-Einheiten<\/b> bef\u00fcllen. Dieser Vorrat sorgt f\u00fcr eine extrem intensive Bew\u00e4sserung.<\/p><\/li><li><p data-path-to-node=\"6,1,0\"><b data-path-to-node=\"6,1,0\" data-index-in-node=\"0\">1-Tick Reife:<\/b> Solange der Sprinkler aktiv ist und Wasser verbraucht, wachsen die Pflanzen mit einer unglaublichen Geschwindigkeit. In diesem Modus sind sie oft schon nach <b data-path-to-node=\"6,1,0\" data-index-in-node=\"171\">einem einzigen Tick<\/b> voll ausgewachsen!<\/p><\/li><li><p data-path-to-node=\"6,2,0\"><b data-path-to-node=\"6,2,0\" data-index-in-node=\"0\">Automatisches Ernten &amp; Nachpflanzen:<\/b> Der Farmer (Observer) erkennt die blitzschnelle Reifung sofort. Er erntet die Pflanze ab und <b data-path-to-node=\"6,2,0\" data-index-in-node=\"130\">setzt automatisch neues Saatgut<\/b>, ohne dass du selbst einen Finger r\u00fchren musst.<\/p><\/li><li><p data-path-to-node=\"6,3,0\"><b data-path-to-node=\"6,3,0\" data-index-in-node=\"0\">Dauerbetrieb:<\/b> Dieser Kreislauf aus 1-Tick-Wachstum und sofortiger Ernte l\u00e4uft so lange, bis der Wasservorrat im Sprinkler aufgebraucht ist.<\/p><\/li><\/ul><h3 style=\"text-align: center;\" data-path-to-node=\"7\">\ud83e\uddd0 Warum ist das so effizient?<\/h3><p style=\"text-align: center;\" data-path-to-node=\"8\">Normalerweise dauert das Wachstum in Minecraft viele Minuten. Mit diesem <b data-path-to-node=\"8\" data-index-in-node=\"73\">Set<\/b> aus unserem Plugin verk\u00fcrzt du diesen Prozess auf Sekundenbruchteile. In der Zeit, in der ein normaler Spieler eine Reihe Weizen erntet, hat dieses System bereits dutzende Stacks produziert.<\/p><blockquote data-path-to-node=\"9\"><p style=\"text-align: center;\" data-path-to-node=\"9,0\"><b data-path-to-node=\"9,0\" data-index-in-node=\"0\">Tipp:<\/b> Platziere eine <b data-path-to-node=\"9,0\" data-index-in-node=\"21\">Pro Pixel Chest<\/b> mit aktiviertem <b data-path-to-node=\"9,0\" data-index-in-node=\"53\">Chunk-Einsammler<\/b> in der N\u00e4he, um die riesigen Mengen an Drops, die durch den 1-Tick-Boost entstehen, sofort sicher zu lagern!<\/p><\/blockquote>\t\t\t\t\t\t\t\t<\/div>\n\t\t\t\t<\/div>\n\t\t\t\t\t<\/div>\n\t\t\t\t<\/div>\n\t\t<div class=\"elementor-element elementor-element-72a0787 e-flex e-con-boxed e-con e-parent\" data-id=\"72a0787\" data-element_type=\"container\" data-e-type=\"container\">\n\t\t\t\t\t<div class=\"e-con-inner\">\n\t\t\t\t<div class=\"elementor-element elementor-element-98d16ce elementor-widget elementor-widget-text-editor\" data-id=\"98d16ce\" data-element_type=\"widget\" data-e-type=\"widget\" data-widget_type=\"text-editor.default\">\n\t\t\t\t\t\t\t\t\t<h2 style=\"text-align: center;\" data-path-to-node=\"2\">\ud83d\udccb Wichtige Infos &amp; Server-Regeln<\/h2><p style=\"text-align: center;\" data-path-to-node=\"3\">Das Farmer- und Sprinkler-System ist ein m\u00e4chtiges Werkzeug, das f\u00fcr fast alle Arten der Landwirtschaft optimiert wurde. Um den Spielspa\u00df und die Server-Leistung f\u00fcr alle hochzuhalten, gelten folgende Bedingungen:<\/p><ul style=\"text-align: center;\" data-path-to-node=\"4\"><li><p data-path-to-node=\"4,0,0\"><b data-path-to-node=\"4,0,0\" data-index-in-node=\"0\">Echte Allrounder:<\/b> Das System erntet zuverl\u00e4ssig <b data-path-to-node=\"4,0,0\" data-index-in-node=\"48\">Melonen, K\u00fcrbisse<\/b> und alle g\u00e4ngigen Feldfr\u00fcchte (wie Weizen, Karotten oder Kartoffeln). Sogar die Automatisierung von <b data-path-to-node=\"4,0,0\" data-index-in-node=\"166\">Bambus und Zuckerrohr<\/b> ist mit diesem <b data-path-to-node=\"4,0,0\" data-index-in-node=\"203\">Set<\/b> problemlos m\u00f6glich!<\/p><\/li><li><p data-path-to-node=\"4,1,0\"><b data-path-to-node=\"4,1,0\" data-index-in-node=\"0\">Schutz &amp; Sicherheit:<\/b> Nur <b data-path-to-node=\"4,1,0\" data-index-in-node=\"25\">du als Plot-Besitzer<\/b> kannst diese Module auf deinem Grundst\u00fcck platzieren und konfigurieren. Fremde Spieler haben keinen Zugriff darauf.<\/p><\/li><li><p data-path-to-node=\"4,2,0\"><b data-path-to-node=\"4,2,0\" data-index-in-node=\"0\">Energie-Sparmodus (Offline-Schutz):<\/b> Um Ressourcen zu sparen, schaltet sich deine Anlage automatisch ab, sobald du <b data-path-to-node=\"4,2,0\" data-index-in-node=\"114\">offline<\/b> gehst. Die Farm pausiert ihre Arbeit und nimmt den Betrieb erst wieder voll auf, wenn du wieder <b data-path-to-node=\"4,2,0\" data-index-in-node=\"218\">online<\/b> auf deinem Plot bist.<\/p><\/li><li><p data-path-to-node=\"4,3,0\"><b data-path-to-node=\"4,3,0\" data-index-in-node=\"0\">TPS-Schonung &amp; Limitierung:<\/b> Um das Gleichgewicht der Server-Performance (TPS) zu bewahren, ist die Anzahl der Farmer und Sprinkler <b data-path-to-node=\"4,3,0\" data-index-in-node=\"131\">pro Spieler limitiert<\/b>. So stellen wir sicher, dass jeder von der High-Speed-Ernte profitiert, ohne die Server-Leistung zu beeintr\u00e4chtigen.<\/p><\/li><\/ul><p style=\"text-align: center;\" data-path-to-node=\"5\">Nutze diese Technologie weise, um dein Imperium aufzubauen, w\u00e4hrend die Technik die harte Arbeit f\u00fcr dich erledigt!<\/p>\t\t\t\t\t\t\t\t<\/div>\n\t\t\t\t\t<\/div>\n\t\t\t\t<\/div>\n\t\t\t\t<\/div>\n\t\t","protected":false},"excerpt":{"rendered":"<p>\ud83d\udcd0 Beispiel-Layout: Maximale Effizienz auf 4&#215;4 Dieses Bild zeigt einen beispielhaften Aufbau, um das volle Potenzial deines Farmer- und Sprinkler-Systems auszusch\u00f6pfen. Da beide Module einen festen Radius von 4&#215;4 Bl\u00f6cken haben, hilft dieses Design dabei, keinen Platz zu verschwenden. Details zum Beispiel-Aufbau: Zoneneinteilung: Das Feld ist in klare Segmente unterteilt, die genau auf die Reichweite [&hellip;]<\/p>\n","protected":false},"author":1,"featured_media":0,"parent":0,"menu_order":0,"comment_status":"closed","ping_status":"closed","template":"","meta":{"footnotes":""},"class_list":["post-9565","page","type-page","status-publish","hentry"],"_links":{"self":[{"href":"https:\/\/mc-pixelhausen.de\/index.php?rest_route=\/wp\/v2\/pages\/9565","targetHints":{"allow":["GET"]}}],"collection":[{"href":"https:\/\/mc-pixelhausen.de\/index.php?rest_route=\/wp\/v2\/pages"}],"about":[{"href":"https:\/\/mc-pixelhausen.de\/index.php?rest_route=\/wp\/v2\/types\/page"}],"author":[{"embeddable":true,"href":"https:\/\/mc-pixelhausen.de\/index.php?rest_route=\/wp\/v2\/users\/1"}],"replies":[{"embeddable":true,"href":"https:\/\/mc-pixelhausen.de\/index.php?rest_route=%2Fwp%2Fv2%2Fcomments&post=9565"}],"version-history":[{"count":10,"href":"https:\/\/mc-pixelhausen.de\/index.php?rest_route=\/wp\/v2\/pages\/9565\/revisions"}],"predecessor-version":[{"id":9579,"href":"https:\/\/mc-pixelhausen.de\/index.php?rest_route=\/wp\/v2\/pages\/9565\/revisions\/9579"}],"wp:attachment":[{"href":"https:\/\/mc-pixelhausen.de\/index.php?rest_route=%2Fwp%2Fv2%2Fmedia&parent=9565"}],"curies":[{"name":"wp","href":"https:\/\/api.w.org\/{rel}","templated":true}]}}