{"id":9545,"date":"2026-03-23T04:38:21","date_gmt":"2026-03-23T03:38:21","guid":{"rendered":"https:\/\/mc-pixelhausen.de\/?page_id=9545"},"modified":"2026-03-23T04:45:13","modified_gmt":"2026-03-23T03:45:13","slug":"hilfe-autocrafter","status":"publish","type":"page","link":"https:\/\/mc-pixelhausen.de\/?page_id=9545","title":{"rendered":"Hilfe Autocrafter"},"content":{"rendered":"\t\t<div data-elementor-type=\"wp-page\" data-elementor-id=\"9545\" class=\"elementor elementor-9545\" data-elementor-post-type=\"page\">\n\t\t\t\t<div class=\"elementor-element elementor-element-20ed684 e-flex e-con-boxed e-con e-parent\" data-id=\"20ed684\" data-element_type=\"container\" data-e-type=\"container\">\n\t\t\t\t\t<div class=\"e-con-inner\">\n\t\t<div class=\"elementor-element elementor-element-a52e932 e-con-full e-flex e-con e-child\" data-id=\"a52e932\" data-element_type=\"container\" data-e-type=\"container\">\n\t\t\t\t<div class=\"elementor-element elementor-element-aa345ba elementor-widget elementor-widget-text-editor\" data-id=\"aa345ba\" data-element_type=\"widget\" data-e-type=\"widget\" data-widget_type=\"text-editor.default\">\n\t\t\t\t\t\t\t\t\t<h2 style=\"text-align: center;\" data-path-to-node=\"2\">\ud83d\udee0\ufe0f Pixel Auto Crafter: Automatisierung ohne Redstone<\/h2><p style=\"text-align: center;\" data-path-to-node=\"3\">Der <b data-path-to-node=\"3\" data-index-in-node=\"4\">Pixel Auto Crafter<\/b> ist die perfekte L\u00f6sung f\u00fcr alle, die Massenproduktion lieben, aber keine Lust auf komplizierte Redstone-Schaltungen haben. Er verwandelt eine ganz normale Werkbank in eine intelligente Fabrik.<\/p><h3 style=\"text-align: center;\" data-path-to-node=\"4\">\ud83d\udd04 So einfach wird er aktiviert<\/h3><p style=\"text-align: center;\" data-path-to-node=\"5\">Du musst keine teuren Spezial-Bl\u00f6cke craften. So startest du dein automatisches Fertigungs-<b data-path-to-node=\"5\" data-index-in-node=\"91\">Set<\/b>:<\/p><ol style=\"text-align: center;\" start=\"1\" data-path-to-node=\"6\"><li><p data-path-to-node=\"6,0,0\">Platziere eine ganz normale <b data-path-to-node=\"6,0,0\" data-index-in-node=\"28\">Werkbank<\/b>.<\/p><\/li><li><p data-path-to-node=\"6,1,0\">F\u00fchre einen <b data-path-to-node=\"6,1,0\" data-index-in-node=\"12\">Linksklick<\/b> aus, w\u00e4hrend du gleichzeitig <b data-path-to-node=\"6,1,0\" data-index-in-node=\"52\">sneakt<\/b> (schleicht).<\/p><\/li><li><p data-path-to-node=\"6,2,0\">Schon \u00f6ffnet sich das Interface des <b data-path-to-node=\"6,2,0\" data-index-in-node=\"36\">Pixel Auto Crafter<\/b>.<\/p><\/li><\/ol><h3 style=\"text-align: center;\" data-path-to-node=\"7\">\ud83e\uddd0 Deine Vorteile auf einen Blick<\/h3><ul style=\"text-align: center;\" data-path-to-node=\"8\"><li><p data-path-to-node=\"8,0,0\"><b data-path-to-node=\"8,0,0\" data-index-in-node=\"0\">Kein Redstone n\u00f6tig:<\/b> Du brauchst keine Leitungen, Fackeln oder Komparatoren. Der Crafter arbeitet vollkommen autark.<\/p><\/li><li><p data-path-to-node=\"8,1,0\"><b data-path-to-node=\"8,1,0\" data-index-in-node=\"0\">Platzsparend:<\/b> Da die Technik direkt in der Werkbank sitzt, bleibt deine Base kompakt und \u00fcbersichtlich.<\/p><\/li><li><p data-path-to-node=\"8,2,0\"><b data-path-to-node=\"8,2,0\" data-index-in-node=\"0\">Einfache Bedienung:<\/b> Leg einfach das gew\u00fcnschte Rezept fest, und der Crafter erledigt den Rest f\u00fcr dich, solange er mit Material versorgt wird.<\/p><\/li><\/ul><p style=\"text-align: center;\" data-path-to-node=\"9\"><b data-path-to-node=\"9\" data-index-in-node=\"0\">Tipp:<\/b> Kombiniere den Auto Crafter mit deinen <b data-path-to-node=\"9\" data-index-in-node=\"45\">Pixeltrichtern<\/b>, um Rohstoffe automatisch zuzuf\u00fchren und die fertigen Produkte direkt in deine <b data-path-to-node=\"9\" data-index-in-node=\"139\">Pro Pixel Chest<\/b> weiterzuleiten!<\/p>\t\t\t\t\t\t\t\t<\/div>\n\t\t\t\t<\/div>\n\t\t<div class=\"elementor-element elementor-element-665cdab e-con-full e-flex e-con e-child\" data-id=\"665cdab\" data-element_type=\"container\" data-e-type=\"container\">\n\t\t\t\t<div class=\"elementor-element elementor-element-7bc8976 elementor-widget elementor-widget-image\" data-id=\"7bc8976\" data-element_type=\"widget\" data-e-type=\"widget\" data-widget_type=\"image.default\">\n\t\t\t\t\t\t\t\t\t\t\t\t\t\t\t<img decoding=\"async\" width=\"345\" height=\"142\" src=\"https:\/\/mc-pixelhausen.de\/wp-content\/uploads\/2026\/03\/Screenshot-2026-03-23-042233.png\" class=\"attachment-large size-large wp-image-9547\" alt=\"\" srcset=\"https:\/\/mc-pixelhausen.de\/wp-content\/uploads\/2026\/03\/Screenshot-2026-03-23-042233.png 345w, https:\/\/mc-pixelhausen.de\/wp-content\/uploads\/2026\/03\/Screenshot-2026-03-23-042233-300x123.png 300w\" sizes=\"(max-width: 345px) 100vw, 345px\" \/>\t\t\t\t\t\t\t\t\t\t\t\t\t\t\t<\/div>\n\t\t\t\t<\/div>\n\t\t\t\t\t<\/div>\n\t\t\t\t<\/div>\n\t\t<div class=\"elementor-element elementor-element-c03a8ba e-flex e-con-boxed e-con e-parent\" data-id=\"c03a8ba\" data-element_type=\"container\" data-e-type=\"container\">\n\t\t\t\t\t<div class=\"e-con-inner\">\n\t\t<div class=\"elementor-element elementor-element-1eeaeca e-con-full e-flex e-con e-child\" data-id=\"1eeaeca\" data-element_type=\"container\" data-e-type=\"container\">\n\t\t\t\t<div class=\"elementor-element elementor-element-0b50c4a elementor-widget elementor-widget-image\" data-id=\"0b50c4a\" data-element_type=\"widget\" data-e-type=\"widget\" data-widget_type=\"image.default\">\n\t\t\t\t\t\t\t\t\t\t\t\t\t\t\t<img fetchpriority=\"high\" decoding=\"async\" width=\"243\" height=\"1020\" src=\"https:\/\/mc-pixelhausen.de\/wp-content\/uploads\/2026\/03\/Screenshot-2026-03-23-042609.png\" class=\"attachment-large size-large wp-image-9551\" alt=\"\" \/>\t\t\t\t\t\t\t\t\t\t\t\t\t\t\t<\/div>\n\t\t\t\t<\/div>\n\t\t<div class=\"elementor-element elementor-element-b89490c e-con-full e-flex e-con e-child\" data-id=\"b89490c\" data-element_type=\"container\" data-e-type=\"container\">\n\t\t\t\t<div class=\"elementor-element elementor-element-6be57f5 elementor-widget elementor-widget-text-editor\" data-id=\"6be57f5\" data-element_type=\"widget\" data-e-type=\"widget\" data-widget_type=\"text-editor.default\">\n\t\t\t\t\t\t\t\t\t<h3 style=\"text-align: center;\" data-path-to-node=\"2\">\ud83d\udce5 Der Aufbau f\u00fcr Ein-Item-Rezepte<\/h3><p style=\"text-align: center;\" data-path-to-node=\"3\">Wenn du ein Rezept automatisieren m\u00f6chtest, das nur aus einer Zutat besteht, ist dieser vertikale Aufbau das ideale <b data-path-to-node=\"3\" data-index-in-node=\"116\">Set<\/b> f\u00fcr maximale Effizienz.<\/p><p style=\"text-align: center;\" data-path-to-node=\"4\"><b data-path-to-node=\"4\" data-index-in-node=\"0\">So funktioniert die Konstruktion:<\/b><\/p><ol style=\"text-align: center;\" start=\"1\" data-path-to-node=\"5\"><li><p data-path-to-node=\"5,0,0\"><b data-path-to-node=\"5,0,0\" data-index-in-node=\"0\">Die Vorratskiste (Oben):<\/b> Hier legst du deine Rohstoffe hinein (z. B. Eisenerz oder Weizen).<\/p><\/li><li><p data-path-to-node=\"5,1,0\"><b data-path-to-node=\"5,1,0\" data-index-in-node=\"0\">Der Eingabe-Trichter:<\/b> Dieser Trichter leitet die Materialien direkt in den Pixel Auto Crafter weiter.<\/p><\/li><li><p data-path-to-node=\"5,2,0\"><b data-path-to-node=\"5,2,0\" data-index-in-node=\"0\">Der Pixel Auto Crafter (Mitte):<\/b> In der Werkbank hast du das Rezept f\u00fcr das gew\u00fcnschte Item festgelegt. Sobald Material von oben nachkommt, craftet er automatisch los \u2013 ganz ohne Redstone!<\/p><\/li><li><p data-path-to-node=\"5,3,0\"><b data-path-to-node=\"5,3,0\" data-index-in-node=\"0\">Der Ausgabe-Trichter:<\/b> Dieser zieht die fertig gecrafteten Gegenst\u00e4nde sofort aus der Werkbank heraus.<\/p><\/li><li><p data-path-to-node=\"5,4,0\"><b data-path-to-node=\"5,4,0\" data-index-in-node=\"0\">Die Zielkiste (Unten):<\/b> Hier landen deine fertigen Produkte (z. B. Eisenbarren oder Brot), bereit zur Abholung oder zum automatischen Verkauf.<\/p><\/li><\/ol><h3 style=\"text-align: center;\" data-path-to-node=\"6\">\ud83d\udca1 Profi-Tipp f\u00fcr dieses Set:<\/h3><p style=\"text-align: center;\" data-path-to-node=\"7\">Dieser Aufbau ist besonders platzsparend und l\u00e4sst sich beliebig oft nebeneinander bauen. Da der Pixel Auto Crafter keine Redstone-Signale ben\u00f6tigt, kannst du die Stationen direkt Block an Block platzieren, ohne dass sich die Technik gegenseitig st\u00f6rt.<\/p>\t\t\t\t\t\t\t\t<\/div>\n\t\t\t\t<\/div>\n\t\t\t\t\t<\/div>\n\t\t\t\t<\/div>\n\t\t<div class=\"elementor-element elementor-element-0799aa6 e-flex e-con-boxed e-con e-parent\" data-id=\"0799aa6\" data-element_type=\"container\" data-e-type=\"container\">\n\t\t\t\t\t<div class=\"e-con-inner\">\n\t\t<div class=\"elementor-element elementor-element-c1cbb09 e-con-full e-flex e-con e-child\" data-id=\"c1cbb09\" data-element_type=\"container\" data-e-type=\"container\">\n\t\t\t\t<div class=\"elementor-element elementor-element-368a452 elementor-widget elementor-widget-text-editor\" data-id=\"368a452\" data-element_type=\"widget\" data-e-type=\"widget\" data-widget_type=\"text-editor.default\">\n\t\t\t\t\t\t\t\t\t<h3 style=\"text-align: center;\" data-path-to-node=\"2\">\ud83d\udce5 Der Aufbau f\u00fcr Multizutat-Rezepte (2 bis 5 Items)<\/h3><p style=\"text-align: center;\" data-path-to-node=\"3\">Wenn deine Produktion komplizierter wird und zwei oder mehr verschiedene Zutaten ben\u00f6tigt (wie z. B. St\u00f6cke und Eisen f\u00fcr Werkzeuge), ist dieses <b data-path-to-node=\"3\" data-index-in-node=\"145\">Set<\/b> die perfekte L\u00f6sung.<\/p><p style=\"text-align: center;\" data-path-to-node=\"4\"><b data-path-to-node=\"4\" data-index-in-node=\"0\">So funktioniert die Multi-Zufuhr:<\/b><\/p><ol style=\"text-align: center;\" start=\"1\" data-path-to-node=\"5\"><li><p data-path-to-node=\"5,0,0\"><b data-path-to-node=\"5,0,0\" data-index-in-node=\"0\">Getrennte Materialzufuhr:<\/b> Anstatt nur einer Kiste oben nutzt du die Seiten des Auto Crafters. Im Screenshot siehst du den Aufbau f\u00fcr <b data-path-to-node=\"5,0,0\" data-index-in-node=\"133\">2 Items<\/b>, bei dem links und rechts jeweils ein Trichter mit einer Vorratskiste das Material einspeist.<\/p><\/li><li><p data-path-to-node=\"5,1,0\"><b data-path-to-node=\"5,1,0\" data-index-in-node=\"0\">Flexibler Ausbau:<\/b> Das System ist extrem anpassungsf\u00e4hig. Du kannst den Crafter von fast allen Seiten (oben, links, rechts, vorne, hinten) mit Trichtern best\u00fccken. So l\u00e4sst sich der Zulauf auf bis zu <b data-path-to-node=\"5,1,0\" data-index-in-node=\"199\">5 verschiedene Items<\/b> gleichzeitig erweitern.<\/p><\/li><li><p data-path-to-node=\"5,2,0\"><b data-path-to-node=\"5,2,0\" data-index-in-node=\"0\">Intelligente Verarbeitung:<\/b> Der Pixel Auto Crafter nimmt die verschiedenen Materialien an und setzt sie exakt nach dem von dir eingestellten Rezept zusammen.<\/p><\/li><li><p data-path-to-node=\"5,3,0\"><b data-path-to-node=\"5,3,0\" data-index-in-node=\"0\">Zentrale Ausgabe:<\/b> Wie gewohnt werden die fertigen Produkte durch den unteren Trichter in deine Zielkiste (oder direkt in eine <b data-path-to-node=\"5,3,0\" data-index-in-node=\"126\">Pro Pixel Chest<\/b>) geleitet.<\/p><\/li><\/ol><h3 style=\"text-align: center;\" data-path-to-node=\"6\">\ud83d\udca1 Profi-Tipp f\u00fcr komplexe Farmen:<\/h3><p style=\"text-align: center;\" data-path-to-node=\"7\">Durch die Zufuhr von bis zu 5 Seiten kannst du selbst anspruchsvolle Rezepte vollautomatisch laufen lassen. Achte darauf, dass die Trichter gleichm\u00e4\u00dfig Material liefern, damit der Crafter immer alle n\u00f6tigen Bestandteile f\u00fcr das n\u00e4chste Item im <b data-path-to-node=\"7\" data-index-in-node=\"244\">Set<\/b> bereitliegen hat.<\/p>\t\t\t\t\t\t\t\t<\/div>\n\t\t\t\t<\/div>\n\t\t<div class=\"elementor-element elementor-element-67864ba e-con-full e-flex e-con e-child\" data-id=\"67864ba\" data-element_type=\"container\" data-e-type=\"container\">\n\t\t\t\t<div class=\"elementor-element elementor-element-c18ad02 elementor-widget elementor-widget-image\" data-id=\"c18ad02\" data-element_type=\"widget\" data-e-type=\"widget\" data-widget_type=\"image.default\">\n\t\t\t\t\t\t\t\t\t\t\t\t\t\t\t<img decoding=\"async\" width=\"509\" height=\"705\" src=\"https:\/\/mc-pixelhausen.de\/wp-content\/uploads\/2026\/03\/Screenshot-2026-03-23-042451.png\" class=\"attachment-large size-large wp-image-9555\" alt=\"\" srcset=\"https:\/\/mc-pixelhausen.de\/wp-content\/uploads\/2026\/03\/Screenshot-2026-03-23-042451.png 509w, https:\/\/mc-pixelhausen.de\/wp-content\/uploads\/2026\/03\/Screenshot-2026-03-23-042451-217x300.png 217w\" sizes=\"(max-width: 509px) 100vw, 509px\" \/>\t\t\t\t\t\t\t\t\t\t\t\t\t\t\t<\/div>\n\t\t\t\t<\/div>\n\t\t\t\t\t<\/div>\n\t\t\t\t<\/div>\n\t\t\t\t<\/div>\n\t\t","protected":false},"excerpt":{"rendered":"<p>\ud83d\udee0\ufe0f Pixel Auto Crafter: Automatisierung ohne Redstone Der Pixel Auto Crafter ist die perfekte L\u00f6sung f\u00fcr alle, die Massenproduktion lieben, aber keine Lust auf komplizierte Redstone-Schaltungen haben. Er verwandelt eine ganz normale Werkbank in eine intelligente Fabrik. \ud83d\udd04 So einfach wird er aktiviert Du musst keine teuren Spezial-Bl\u00f6cke craften. So startest du dein automatisches Fertigungs-Set: [&hellip;]<\/p>\n","protected":false},"author":1,"featured_media":0,"parent":0,"menu_order":0,"comment_status":"closed","ping_status":"closed","template":"","meta":{"footnotes":""},"class_list":["post-9545","page","type-page","status-publish","hentry"],"_links":{"self":[{"href":"https:\/\/mc-pixelhausen.de\/index.php?rest_route=\/wp\/v2\/pages\/9545","targetHints":{"allow":["GET"]}}],"collection":[{"href":"https:\/\/mc-pixelhausen.de\/index.php?rest_route=\/wp\/v2\/pages"}],"about":[{"href":"https:\/\/mc-pixelhausen.de\/index.php?rest_route=\/wp\/v2\/types\/page"}],"author":[{"embeddable":true,"href":"https:\/\/mc-pixelhausen.de\/index.php?rest_route=\/wp\/v2\/users\/1"}],"replies":[{"embeddable":true,"href":"https:\/\/mc-pixelhausen.de\/index.php?rest_route=%2Fwp%2Fv2%2Fcomments&post=9545"}],"version-history":[{"count":10,"href":"https:\/\/mc-pixelhausen.de\/index.php?rest_route=\/wp\/v2\/pages\/9545\/revisions"}],"predecessor-version":[{"id":9558,"href":"https:\/\/mc-pixelhausen.de\/index.php?rest_route=\/wp\/v2\/pages\/9545\/revisions\/9558"}],"wp:attachment":[{"href":"https:\/\/mc-pixelhausen.de\/index.php?rest_route=%2Fwp%2Fv2%2Fmedia&parent=9545"}],"curies":[{"name":"wp","href":"https:\/\/api.w.org\/{rel}","templated":true}]}}