{"id":9271,"date":"2026-03-18T08:16:40","date_gmt":"2026-03-18T07:16:40","guid":{"rendered":"https:\/\/mc-pixelhausen.de\/?page_id=9271"},"modified":"2026-03-18T08:42:28","modified_gmt":"2026-03-18T07:42:28","slug":"rang","status":"publish","type":"page","link":"https:\/\/mc-pixelhausen.de\/?page_id=9271","title":{"rendered":"R\u00e4nge Infos"},"content":{"rendered":"<h2 style=\"text-align: center;\" data-path-to-node=\"3\">\ud83c\udfc6 Dein Fortschritt &amp; Deine Vorteile<\/h2>\n<p style=\"text-align: center;\" data-path-to-node=\"4\">Hier findest du alles, was du \u00fcber deinen Status bei uns wissen musst. Wir haben die Infos so aufgeteilt, dass du sofort siehst, was du bereits hast und was du als N\u00e4chstes erreichen kannst.<\/p>\n<h3 style=\"text-align: center;\" data-path-to-node=\"5\">1. Inhalte &amp; Privilegien<\/h3>\n<p style=\"text-align: center;\" data-path-to-node=\"6\">Was geh\u00f6rt dir? Hier listen wir alle exklusiven Boni deines Ranges auf \u2013 von kostenlosen Grundst\u00fccken und speziellen Bau-Optionen bis hin zu deinem pers\u00f6nlichen <b data-path-to-node=\"6\" data-index-in-node=\"161\">Pikachu-Pet<\/b> und modifizierten Trichtern.<\/p>\n<h3 style=\"text-align: center;\" data-path-to-node=\"7\">2. Deine Befehle<\/h3>\n<p style=\"text-align: center;\" data-path-to-node=\"8\">Schalte neue M\u00f6glichkeiten frei. Hier erf\u00e4hrst du, welche Commands dir in deinem aktuellen Rang zur Verf\u00fcgung stehen, um dein Spiel effizienter zu gestalten (z. B. <code data-path-to-node=\"8\" data-index-in-node=\"164\">\/sethome<\/code> Limits oder Design-Farbcodes).<\/p>\n<h3 style=\"text-align: center;\" data-path-to-node=\"9\">3. Aufgaben f\u00fcr den Aufstieg<\/h3>\n<p style=\"text-align: center;\" data-path-to-node=\"10\">Wie geht es weiter? Hier erf\u00e4hrst du genau, was du tun musst, um das n\u00e4chste <b data-path-to-node=\"10\" data-index-in-node=\"77\">Set<\/b> an Rechten freizuschalten. Ob Spielzeit, erreichte Meilensteine oder erledigte Quests \u2013 hier steht dein Plan f\u00fcr das n\u00e4chste Level-Up.<\/p>\n","protected":false},"excerpt":{"rendered":"<p>\ud83c\udfc6 Dein Fortschritt &amp; Deine Vorteile Hier findest du alles, was du \u00fcber deinen Status bei uns wissen musst. Wir haben die Infos so aufgeteilt, dass du sofort siehst, was du bereits hast und was du als N\u00e4chstes erreichen kannst. 1. Inhalte &amp; Privilegien Was geh\u00f6rt dir? Hier listen wir alle exklusiven Boni deines Ranges [&hellip;]<\/p>\n","protected":false},"author":1,"featured_media":0,"parent":8893,"menu_order":0,"comment_status":"closed","ping_status":"closed","template":"","meta":{"footnotes":""},"class_list":["post-9271","page","type-page","status-publish","hentry"],"_links":{"self":[{"href":"https:\/\/mc-pixelhausen.de\/index.php?rest_route=\/wp\/v2\/pages\/9271","targetHints":{"allow":["GET"]}}],"collection":[{"href":"https:\/\/mc-pixelhausen.de\/index.php?rest_route=\/wp\/v2\/pages"}],"about":[{"href":"https:\/\/mc-pixelhausen.de\/index.php?rest_route=\/wp\/v2\/types\/page"}],"author":[{"embeddable":true,"href":"https:\/\/mc-pixelhausen.de\/index.php?rest_route=\/wp\/v2\/users\/1"}],"replies":[{"embeddable":true,"href":"https:\/\/mc-pixelhausen.de\/index.php?rest_route=%2Fwp%2Fv2%2Fcomments&post=9271"}],"version-history":[{"count":4,"href":"https:\/\/mc-pixelhausen.de\/index.php?rest_route=\/wp\/v2\/pages\/9271\/revisions"}],"predecessor-version":[{"id":9278,"href":"https:\/\/mc-pixelhausen.de\/index.php?rest_route=\/wp\/v2\/pages\/9271\/revisions\/9278"}],"up":[{"embeddable":true,"href":"https:\/\/mc-pixelhausen.de\/index.php?rest_route=\/wp\/v2\/pages\/8893"}],"wp:attachment":[{"href":"https:\/\/mc-pixelhausen.de\/index.php?rest_route=%2Fwp%2Fv2%2Fmedia&parent=9271"}],"curies":[{"name":"wp","href":"https:\/\/api.w.org\/{rel}","templated":true}]}}