{"id":9025,"date":"2026-03-12T06:05:33","date_gmt":"2026-03-12T05:05:33","guid":{"rendered":"https:\/\/mc-pixelhausen.de\/?page_id=9025"},"modified":"2026-03-12T06:23:10","modified_gmt":"2026-03-12T05:23:10","slug":"pixelattack","status":"publish","type":"page","link":"https:\/\/mc-pixelhausen.de\/?page_id=9025","title":{"rendered":"Pixelattack"},"content":{"rendered":"\t\t<div data-elementor-type=\"wp-page\" data-elementor-id=\"9025\" class=\"elementor elementor-9025\" data-elementor-post-type=\"page\">\n\t\t\t\t<div class=\"elementor-element elementor-element-f04418b e-flex e-con-boxed e-con e-parent\" data-id=\"f04418b\" data-element_type=\"container\" data-e-type=\"container\">\n\t\t\t\t\t<div class=\"e-con-inner\">\n\t\t\t\t<div class=\"elementor-element elementor-element-f9a21e8 elementor-widget elementor-widget-text-editor\" data-id=\"f9a21e8\" data-element_type=\"widget\" data-e-type=\"widget\" data-widget_type=\"text-editor.default\">\n\t\t\t\t\t\t\t\t\t<h3>\u00a0<\/h3><h3 style=\"text-align: center;\">\ud83e\udde8Sur<strong>vival ohne Gnade!<\/strong> \ud83e\udde8<\/h3><h4 style=\"text-align: center;\" data-path-to-node=\"4\">Du suchst das echte \u00dcberleben? Willkommen auf <b data-path-to-node=\"4\" data-index-in-node=\"46\">Pixelattack<\/b>! Angelehnt an das bekannte <i data-path-to-node=\"4\" data-index-in-node=\"85\">Craft Attack<\/i> Prinzip, bieten wir dir hier eine Welt, in der nur die St\u00e4rksten und Schlauesten \u00fcberleben. Hier gibt es kein Sicherheits-<b data-path-to-node=\"4\" data-index-in-node=\"220\">Set<\/b> an Regeln \u2013 hier z\u00e4hlt nur dein Instinkt!<\/h4><p>\u00a0<\/p><h4 style=\"text-align: center;\" data-path-to-node=\"5\">\ud83d\udc80 <b data-path-to-node=\"5\" data-index-in-node=\"3\">Die Regeln? Es gibt keine!<\/b><\/h4><h4 style=\"text-align: center;\" data-path-to-node=\"6\">Pixelattack ist die ungez\u00e4hmte Seite von Pixelhausen. Hier darfst du dich austoben, wie du es in Minecraft schon immer wolltest:<\/h4><ul style=\"text-align: center;\" data-path-to-node=\"7\"><li><h4 data-path-to-node=\"7,0,0\">\u2694\ufe0f <b data-path-to-node=\"7,0,0\" data-index-in-node=\"3\">Griefing &amp; Raiding:<\/b> H\u00e4user sprengen? Lager pl\u00fcndern? Andere Spieler jagen? <b data-path-to-node=\"7,0,0\" data-index-in-node=\"78\">Erlaubt!<\/b> Deine Base ist nur so sicher, wie du sie versteckst oder verteidigst.<\/h4><\/li><li><h4 data-path-to-node=\"7,1,0\">\ud83d\udee0\ufe0f <b data-path-to-node=\"7,1,0\" data-index-in-node=\"4\">X-Ray &amp; Modifikationen:<\/b> Du willst dich mit X-Ray oder anderen Hilfsmitteln einen Vorteil verschaffen? Auf diesem Server wird nichts davon sanktioniert \u2013 nutze dein gesamtes <b data-path-to-node=\"7,1,0\" data-index-in-node=\"177\">Set<\/b> an M\u00f6glichkeiten.<\/h4><\/li><li><h4 data-path-to-node=\"7,2,0\">\ud83d\udeab <b data-path-to-node=\"7,2,0\" data-index-in-node=\"3\">Keine Erstattungen:<\/b> Es gibt keinen Support f\u00fcr verlorene Items oder zerst\u00f6rte Geb\u00e4ude. Wer stirbt oder geraidet wird, f\u00e4ngt von vorne an.<\/h4><\/li><li><h4 data-path-to-node=\"7,3,0\">\ud83d\udd25 <b data-path-to-node=\"7,3,0\" data-index-in-node=\"3\">Pures Survival:<\/b> Kein Plot-System, kein Schutz-<b data-path-to-node=\"7,3,0\" data-index-in-node=\"49\">Set<\/b> \u2013 einfach nur du gegen den Rest der Welt.<\/h4><\/li><\/ul><h3 style=\"text-align: center;\">\ud83d\udee1\ufe0f <b data-path-to-node=\"8\" data-index-in-node=\"4\">Bew<\/b><b data-path-to-node=\"8\" data-index-in-node=\"4\">eise deinen Mut<\/b><\/h3><h4 style=\"text-align: center;\" data-path-to-node=\"9\">Pixelattack ist nichts f\u00fcr schwache Nerven. Es ist ein Ort f\u00fcr Spieler, die den Nervenkitzel des Ungewissen lieben. Werde zur Legende oder verschwinde in der Bedeutungslosigkeit \u2013 du entscheidest, wie du in dieser gnadenlosen Welt \u00fcberlebst.<\/h4><p>\u00a0<\/p><p>\u00a0<\/p>\t\t\t\t\t\t\t\t<\/div>\n\t\t\t\t\t<\/div>\n\t\t\t\t<\/div>\n\t\t\t\t<\/div>\n\t\t","protected":false},"excerpt":{"rendered":"<p>\u00a0 \ud83e\udde8Survival ohne Gnade! \ud83e\udde8 Du suchst das echte \u00dcberleben? Willkommen auf Pixelattack! Angelehnt an das bekannte Craft Attack Prinzip, bieten wir dir hier eine Welt, in der nur die St\u00e4rksten und Schlauesten \u00fcberleben. Hier gibt es kein Sicherheits-Set an Regeln \u2013 hier z\u00e4hlt nur dein Instinkt! \u00a0 \ud83d\udc80 Die Regeln? Es gibt keine! Pixelattack [&hellip;]<\/p>\n","protected":false},"author":1,"featured_media":0,"parent":0,"menu_order":0,"comment_status":"closed","ping_status":"closed","template":"","meta":{"footnotes":""},"class_list":["post-9025","page","type-page","status-publish","hentry"],"_links":{"self":[{"href":"https:\/\/mc-pixelhausen.de\/index.php?rest_route=\/wp\/v2\/pages\/9025","targetHints":{"allow":["GET"]}}],"collection":[{"href":"https:\/\/mc-pixelhausen.de\/index.php?rest_route=\/wp\/v2\/pages"}],"about":[{"href":"https:\/\/mc-pixelhausen.de\/index.php?rest_route=\/wp\/v2\/types\/page"}],"author":[{"embeddable":true,"href":"https:\/\/mc-pixelhausen.de\/index.php?rest_route=\/wp\/v2\/users\/1"}],"replies":[{"embeddable":true,"href":"https:\/\/mc-pixelhausen.de\/index.php?rest_route=%2Fwp%2Fv2%2Fcomments&post=9025"}],"version-history":[{"count":7,"href":"https:\/\/mc-pixelhausen.de\/index.php?rest_route=\/wp\/v2\/pages\/9025\/revisions"}],"predecessor-version":[{"id":9032,"href":"https:\/\/mc-pixelhausen.de\/index.php?rest_route=\/wp\/v2\/pages\/9025\/revisions\/9032"}],"wp:attachment":[{"href":"https:\/\/mc-pixelhausen.de\/index.php?rest_route=%2Fwp%2Fv2%2Fmedia&parent=9025"}],"curies":[{"name":"wp","href":"https:\/\/api.w.org\/{rel}","templated":true}]}}