{"id":8893,"date":"2025-07-08T18:01:30","date_gmt":"2025-07-08T16:01:30","guid":{"rendered":"https:\/\/mc-pixelhausen.de\/?page_id=8893"},"modified":"2026-03-16T14:27:43","modified_gmt":"2026-03-16T13:27:43","slug":"hilfe","status":"publish","type":"page","link":"https:\/\/mc-pixelhausen.de\/?page_id=8893","title":{"rendered":"Hilfe"},"content":{"rendered":"\t\t<div data-elementor-type=\"wp-page\" data-elementor-id=\"8893\" class=\"elementor elementor-8893\" data-elementor-post-type=\"page\">\n\t\t\t\t<div class=\"elementor-element elementor-element-a9e6e55 e-flex e-con-boxed e-con e-parent\" data-id=\"a9e6e55\" data-element_type=\"container\" data-e-type=\"container\">\n\t\t\t\t\t<div class=\"e-con-inner\">\n\t\t\t\t<div class=\"elementor-element elementor-element-10d8e8c elementor-widget elementor-widget-text-editor\" data-id=\"10d8e8c\" data-element_type=\"widget\" data-e-type=\"widget\" data-widget_type=\"text-editor.default\">\n\t\t\t\t\t\t\t\t\t<h2 data-path-to-node=\"3\">\u00a0<\/h2><h2 style=\"text-align: center;\" data-path-to-node=\"3\">\ud83d\udee0\ufe0f Willkommen in der Pixelhausen-Wissensdatenbank<\/h2><p style=\"text-align: center;\" data-path-to-node=\"4\">Du hast Fragen zu unseren Funktionen oder suchst nach einer schnellen L\u00f6sung? Hier bist du genau richtig! Um dir die Orientierung so einfach wie m\u00f6glich zu machen, haben wir unser Wissen in <b data-path-to-node=\"4\" data-index-in-node=\"190\">gezielte Einzelbeitr\u00e4ge<\/b> unterteilt. So findest du \u00fcber die Suche oder die Kategorien sofort das passende Thema, ohne lange Texte w\u00e4lzen zu m\u00fcssen.<\/p><h3 style=\"text-align: center;\" data-path-to-node=\"5\">\ud83d\udcda Dein Wissens-Set: Schnell finden, statt lange suchen<\/h3><p style=\"text-align: center;\" data-path-to-node=\"6\">In unseren Beitr\u00e4gen findest du klare Anleitungen und Erl\u00e4uterungen zu folgenden Themen:<\/p><ul style=\"text-align: center;\" data-path-to-node=\"7\"><li><p data-path-to-node=\"7,0,0\"><b data-path-to-node=\"7,0,0\" data-index-in-node=\"0\">Server-Infos:<\/b> Alle Details zu den <b data-path-to-node=\"7,0,0\" data-index-in-node=\"34\">Neustartzeiten<\/b> unserer Server.<\/p><\/li><li><p data-path-to-node=\"7,1,0\"><b data-path-to-node=\"7,1,0\" data-index-in-node=\"0\">Ressourcenpaket:<\/b> Hilfe zur Installation, damit alles korrekt angezeigt wird.<\/p><\/li><li><p data-path-to-node=\"7,2,0\"><b data-path-to-node=\"7,2,0\" data-index-in-node=\"0\">Befehle:<\/b> Eine Liste aller Commands, damit du die Kontrolle beh\u00e4ltst.<\/p><\/li><li><p data-path-to-node=\"7,3,0\"><b data-path-to-node=\"7,3,0\" data-index-in-node=\"0\">Rankups:<\/b> Alles \u00fcber deinen Aufstieg und wie du das n\u00e4chste Level erreichst.<\/p><\/li><li><p data-path-to-node=\"7,4,0\"><b data-path-to-node=\"7,4,0\" data-index-in-node=\"0\">Funktionen:<\/b> Erkl\u00e4rungen zu Spezial-Features wie Pixeltrichtern, Chests und Maschinen.<\/p><\/li><\/ul><p style=\"text-align: center;\" data-path-to-node=\"8\">Jeder Beitrag ist als eigenes Thema angelegt, damit du \u00fcber die Suchfunktion direkt zum Ziel kommst.<\/p><h3 style=\"text-align: center;\" data-path-to-node=\"9\">\u26a0\ufe0f Ein wichtiger Hinweis zur Aktualit\u00e4t<\/h3><p style=\"text-align: center;\" data-path-to-node=\"10\">Unser Server entwickelt sich st\u00e4ndig weiter. Bitte beachte: <b data-path-to-node=\"10\" data-index-in-node=\"60\">Wenn wir im Spiel (Ingame) etwas \u00e4ndern, landen diese Informationen nicht immer sofort zeitgleich hier auf der Homepage.<\/b> Die Technik im Spiel ist oft schneller als unsere Redaktion. Bei brandneuen Updates kann es daher eine kurze Verz\u00f6gerung geben, bis der entsprechende Beitrag aktualisiert wurde. Im Zweifelsfall gilt immer der aktuelle Stand direkt auf dem Server!<\/p><p data-path-to-node=\"10\">\u00a0<\/p>\t\t\t\t\t\t\t\t<\/div>\n\t\t\t\t\t<\/div>\n\t\t\t\t<\/div>\n\t\t\t\t<\/div>\n\t\t","protected":false},"excerpt":{"rendered":"<p>\u00a0 \ud83d\udee0\ufe0f Willkommen in der Pixelhausen-Wissensdatenbank Du hast Fragen zu unseren Funktionen oder suchst nach einer schnellen L\u00f6sung? Hier bist du genau richtig! Um dir die Orientierung so einfach wie m\u00f6glich zu machen, haben wir unser Wissen in gezielte Einzelbeitr\u00e4ge unterteilt. So findest du \u00fcber die Suche oder die Kategorien sofort das passende Thema, ohne [&hellip;]<\/p>\n","protected":false},"author":1,"featured_media":0,"parent":8776,"menu_order":0,"comment_status":"closed","ping_status":"closed","template":"","meta":{"footnotes":""},"class_list":["post-8893","page","type-page","status-publish","hentry"],"_links":{"self":[{"href":"https:\/\/mc-pixelhausen.de\/index.php?rest_route=\/wp\/v2\/pages\/8893","targetHints":{"allow":["GET"]}}],"collection":[{"href":"https:\/\/mc-pixelhausen.de\/index.php?rest_route=\/wp\/v2\/pages"}],"about":[{"href":"https:\/\/mc-pixelhausen.de\/index.php?rest_route=\/wp\/v2\/types\/page"}],"author":[{"embeddable":true,"href":"https:\/\/mc-pixelhausen.de\/index.php?rest_route=\/wp\/v2\/users\/1"}],"replies":[{"embeddable":true,"href":"https:\/\/mc-pixelhausen.de\/index.php?rest_route=%2Fwp%2Fv2%2Fcomments&post=8893"}],"version-history":[{"count":7,"href":"https:\/\/mc-pixelhausen.de\/index.php?rest_route=\/wp\/v2\/pages\/8893\/revisions"}],"predecessor-version":[{"id":9189,"href":"https:\/\/mc-pixelhausen.de\/index.php?rest_route=\/wp\/v2\/pages\/8893\/revisions\/9189"}],"up":[{"embeddable":true,"href":"https:\/\/mc-pixelhausen.de\/index.php?rest_route=\/wp\/v2\/pages\/8776"}],"wp:attachment":[{"href":"https:\/\/mc-pixelhausen.de\/index.php?rest_route=%2Fwp%2Fv2%2Fmedia&parent=8893"}],"curies":[{"name":"wp","href":"https:\/\/api.w.org\/{rel}","templated":true}]}}