{"id":8776,"date":"2025-07-06T21:38:43","date_gmt":"2025-07-06T19:38:43","guid":{"rendered":"https:\/\/mc-pixelhausen.de\/?page_id=8776"},"modified":"2026-03-11T17:26:07","modified_gmt":"2026-03-11T16:26:07","slug":"citybuilds","status":"publish","type":"page","link":"https:\/\/mc-pixelhausen.de\/?page_id=8776","title":{"rendered":"Citybuilds"},"content":{"rendered":"\t\t<div data-elementor-type=\"wp-page\" data-elementor-id=\"8776\" class=\"elementor elementor-8776\" data-elementor-post-type=\"page\">\n\t\t\t\t<div class=\"elementor-element elementor-element-03db249 e-flex e-con-boxed e-con e-parent\" data-id=\"03db249\" data-element_type=\"container\" data-e-type=\"container\" data-settings=\"{&quot;background_background&quot;:&quot;classic&quot;}\">\n\t\t\t\t\t<div class=\"e-con-inner\">\n\t\t\t\t<div class=\"elementor-element elementor-element-2bee1f0 elementor-widget elementor-widget-text-editor\" data-id=\"2bee1f0\" data-element_type=\"widget\" data-e-type=\"widget\" data-widget_type=\"text-editor.default\">\n\t\t\t\t\t\t\t\t\t<h3 data-path-to-node=\"3\">\u00a0<\/h3><h3 style=\"text-align: center;\" data-path-to-node=\"3\"><span style=\"color: #666699;\">\ud83c\udfdb\ufe0f <b data-path-to-node=\"3\" data-index-in-node=\"4\">Citybuild: Das Herz von Pixelhausen \u2013 Deine Welt, deine Geschichte!<\/b> \ud83c\udfdb\ufe0f<\/span><\/h3><h4 style=\"text-align: center;\" data-path-to-node=\"4\"><span style=\"color: #666699;\">Willkommen in der Welt von <b data-path-to-node=\"4\" data-index-in-node=\"27\">Pixelhausen<\/b>! Unser Citybuild-Netzwerk bietet dir ein einheitliches Spielerlebnis \u00fcber verschiedene Versionen hinweg (aktuell <b data-path-to-node=\"4\" data-index-in-node=\"152\">1.20.1<\/b> und <b data-path-to-node=\"4\" data-index-in-node=\"163\">1.21.1<\/b>). Entdecke eine Welt, die weit \u00fcber das Standard-Minecraft hinausgeht: Mit einem <b data-path-to-node=\"4\" data-index-in-node=\"251\">Set<\/b> von \u00fcber <b data-path-to-node=\"4\" data-index-in-node=\"264\">200 neuen Bl\u00f6cken<\/b>, darunter die hei\u00df ersehnten <b data-path-to-node=\"4\" data-index-in-node=\"311\">vertikalen Slabs<\/b>, setzen wir neue Ma\u00dfst\u00e4be.<\/span><\/h4><p>\u00a0<\/p><h3 style=\"text-align: center;\" data-path-to-node=\"5\"><span style=\"color: #666699;\">\u2728 <b data-path-to-node=\"5\" data-index-in-node=\"2\">Das Beste:<\/b> Alle neuen Bl\u00f6cke sind voll craftbar und werden automatisch beim Betreten geladen! Schau dir das gesamte <b data-path-to-node=\"5\" data-index-in-node=\"118\">Set<\/b> am besten direkt bei \ud83d\udccd <b data-path-to-node=\"5\" data-index-in-node=\"146\"><code data-path-to-node=\"5\" data-index-in-node=\"146\">\/warp museum<\/code><\/b> an.<\/span><\/h3><p>\u00a0<\/p><hr data-path-to-node=\"6\" \/><h3 style=\"text-align: center;\" data-path-to-node=\"7\"><span style=\"color: #666699;\">\u2699\ufe0f <b data-path-to-node=\"7\" data-index-in-node=\"3\">Automatisierung: Deine Farmen, dein System!<\/b> \u2699\ufe0f<\/span><\/h3><h3 style=\"text-align: center;\" data-path-to-node=\"8\"><span style=\"color: #666699;\">Um dir das Leben auf deinem Plot zu erleichtern, bieten wir dir ein spezielles <b data-path-to-node=\"8\" data-index-in-node=\"79\">Set<\/b> an Maschinen zur Automatisierung an. Damit kannst du deine Projekte effizient gestalten:<\/span><\/h3><ul style=\"text-align: center;\" data-path-to-node=\"9\"><li><h3 data-path-to-node=\"9,0,0\"><span style=\"color: #666699;\">\ud83d\udee0\ufe0f <b data-path-to-node=\"9,0,0\" data-index-in-node=\"4\">Autocrafter &amp; Pixeltrichter:<\/b> Perfektioniere deine Sortiersysteme und Produktionen.<\/span><\/h3><\/li><li><h3 data-path-to-node=\"9,1,0\"><span style=\"color: #666699;\">\ud83d\udca7 <b data-path-to-node=\"9,1,0\" data-index-in-node=\"3\">Sprinkler &amp; Farmer:<\/b> Automatisiere deine Felder f\u00fcr maximale Ertr\u00e4ge.<\/span><\/h3><\/li><li><h3 data-path-to-node=\"9,2,0\"><span style=\"color: #666699;\">\ud83e\uddf1 <b data-path-to-node=\"9,2,0\" data-index-in-node=\"3\">Blockplacer und vieles mehr:<\/b> Baue Systeme, die f\u00fcr dich arbeiten!<\/span><\/h3><\/li><\/ul><h3 style=\"text-align: center;\" data-path-to-node=\"10\"><span style=\"color: #666699;\">\u26a0\ufe0f <b data-path-to-node=\"10\" data-index-in-node=\"3\">Wichtiger Hinweis:<\/b> Alle diese Maschinen sind Eigenentwicklungen. Um eine stabile Performance (<b data-path-to-node=\"10\" data-index-in-node=\"97\">TPS<\/b>) f\u00fcr alle zu garantieren, sind diese Items pro Spieler limitiert. So bleibt das Spielerlebnis f\u00fcr jeden fl\u00fcssig!<\/span><\/h3><p>\u00a0<\/p><hr data-path-to-node=\"11\" \/><h3 style=\"text-align: center;\" data-path-to-node=\"12\"><span style=\"color: #666699;\">\u2694\ufe0f <b data-path-to-node=\"12\" data-index-in-node=\"3\">Das Arena-System &amp; die Mobs<\/b> \u2694\ufe0f<\/span><\/h3><h3 style=\"text-align: center;\" data-path-to-node=\"13\"><span style=\"color: #666699;\">In unseren insgesamt <b data-path-to-node=\"13\" data-index-in-node=\"21\">11 Arenen<\/b> warten m\u00e4chtige Bosse und Mobs auf dich, die so in Minecraft gar nicht vorkommen! Jede Arena bietet eigene Herausforderungen und Belohnungen. Die epische <b data-path-to-node=\"13\" data-index-in-node=\"185\">Hydra-Arena<\/b> bleibt ein besonderes Highlight f\u00fcr alle ab dem <b data-path-to-node=\"13\" data-index-in-node=\"245\">Rang Pixelbaron<\/b>.<\/span><\/h3><h3 style=\"text-align: center;\" data-path-to-node=\"14\"><span style=\"color: #666699;\">\ud83d\udc7e <b data-path-to-node=\"14\" data-index-in-node=\"3\">Hinweis zu den Mobs:<\/b> Um diese speziellen Kreaturen korrekt zu sehen, kannst du unser optionales Ressourcenpaket-<b data-path-to-node=\"14\" data-index-in-node=\"115\">Set<\/b> manuell hinzuf\u00fcgen (versionsgebunden). Das Paket ist nur f\u00fcr die Optik der Mobs n\u00f6tig \u2013 spielen kannst du nat\u00fcrlich auch ohne!<\/span><\/h3><p>\u00a0<\/p><hr data-path-to-node=\"15\" \/><h3 style=\"text-align: center;\" data-path-to-node=\"16\"><span style=\"color: #666699;\">\ud83d\udcb0 <b data-path-to-node=\"16\" data-index-in-node=\"3\">Wirtschaftssystem &amp; Fairness-Versprechen<\/b> \ud83d\udcb0<\/span><\/h3><h3 style=\"text-align: center;\" data-path-to-node=\"17\"><span style=\"color: #666699;\">Wir setzen auf absolute Fairness: Schl\u00fcssel f\u00fcr Kisten kannst du dir nur im Spiel verdienen oder eintauschen \u2013 sie sind nicht direkt kaufbar!<\/span><\/h3><ul style=\"text-align: center;\" data-path-to-node=\"18\"><li><h3 data-path-to-node=\"18,0,0\"><span style=\"color: #666699;\">\ud83d\udcb5 <b data-path-to-node=\"18,0,0\" data-index-in-node=\"3\">Ingame-Money:<\/b> Verdient durch <b data-path-to-node=\"18,0,0\" data-index-in-node=\"32\">Jobs<\/b>, <b data-path-to-node=\"18,0,0\" data-index-in-node=\"38\">Rankups<\/b>, Quests oder den <b data-path-to-node=\"18,0,0\" data-index-in-node=\"63\">Battlepass<\/b>. Deine W\u00e4hrung f\u00fcr den t\u00e4glichen Handel.<\/span><\/h3><\/li><li><h3 data-path-to-node=\"18,1,0\"><span style=\"color: #666699;\">\ud83d\udc8e <b data-path-to-node=\"18,1,0\" data-index-in-node=\"3\">Pico Token:<\/b> Sammle sie durch Voten, Jobs oder Rankups. Du kannst sie auch im <b data-path-to-node=\"18,1,0\" data-index-in-node=\"80\">Onlineshop<\/b> kaufen und im Spiel gegen Kistenschl\u00fcssel eintauschen.<\/span><\/h3><\/li><li><h3 data-path-to-node=\"18,2,0\"><span style=\"color: #666699;\">\ud83e\ude99 <b data-path-to-node=\"18,2,0\" data-index-in-node=\"3\">Pico Schatz:<\/b> Ein exklusives B\u00fcndel aus <b data-path-to-node=\"18,2,0\" data-index-in-node=\"42\">50 einzelnen Pico Token<\/b>. Erh\u00e4ltlich im Onlineshop oder erspielbar f\u00fcr exklusive Deals bei den Villagern unter \ud83d\uded2 <b data-path-to-node=\"18,2,0\" data-index-in-node=\"155\"><code data-path-to-node=\"18,2,0\" data-index-in-node=\"155\">\/warp shop<\/code><\/b>.<\/span><\/h3><\/li><\/ul><p>\u00a0<\/p><p>\u00a0<\/p><hr data-path-to-node=\"19\" \/><h3 style=\"text-align: center;\" data-path-to-node=\"20\"><span style=\"color: #666699;\">\ud83c\udfe1 <b data-path-to-node=\"20\" data-index-in-node=\"3\">Ressourcen, Community &amp; Sicherheit<\/b> \ud83c\udfe1<\/span><\/h3><ul data-path-to-node=\"21\"><li style=\"text-align: center;\"><h3 data-path-to-node=\"21,0,0\"><span style=\"color: #666699;\">\ud83d\udcc8 <b data-path-to-node=\"21,0,0\" data-index-in-node=\"3\">Aufstieg:<\/b> Du startest als <b data-path-to-node=\"21,0,0\" data-index-in-node=\"29\">Gast<\/b> und arbeitest dich mit <code data-path-to-node=\"21,0,0\" data-index-in-node=\"57\">\/rankup<\/code> hoch.<\/span><\/h3><\/li><li style=\"text-align: center;\"><h3 data-path-to-node=\"21,1,0\"><span style=\"color: #666699;\">\ud83d\ude9c <b data-path-to-node=\"21,1,0\" data-index-in-node=\"3\">Comfarm:<\/b> Ab dem <b data-path-to-node=\"21,1,0\" data-index-in-node=\"19\">Rang B\u00fcrger<\/b> hast du Zugang zur gro\u00dfen Gemeinschaftsfarm.<\/span><\/h3><\/li><li style=\"text-align: center;\"><h3 data-path-to-node=\"21,2,0\"><span style=\"color: #666699;\">\ud83d\udd04 <b data-path-to-node=\"21,2,0\" data-index-in-node=\"3\">Reset:<\/b> Unsere Farmwelt wird <b data-path-to-node=\"21,2,0\" data-index-in-node=\"31\">immer am ersten eines Monats zur\u00fcckgesetzt<\/b>, damit immer genug Rohstoffe da sind.<\/span><\/h3><\/li><li><h3 style=\"text-align: center;\" data-path-to-node=\"21,3,0\"><span style=\"color: #666699;\">\ud83c\udfe6 <b data-path-to-node=\"21,3,0\" data-index-in-node=\"3\">Zentrale Bank:<\/b> Hier sind dein Geld,\u00a0 und deine XP jederzeit sicher vor Verlust gesch\u00fctzt.<\/span><\/h3><\/li><\/ul><h3>\u00a0<\/h3><h3 style=\"text-align: center;\"><span style=\"color: #666699;\">\ud83c\udfd8\ufe0f <b data-path-to-node=\"7\" data-index-in-node=\"4\">Exklusives Wohnen &amp; Umzugsservice<\/b> \ud83c\udfd8\ufe0f<\/span><\/h3><ul data-path-to-node=\"8\"><li style=\"text-align: center;\"><h4 data-path-to-node=\"8,0,0\"><span style=\"color: #666699;\">\ud83d\udc51 <b data-path-to-node=\"8,0,0\" data-index-in-node=\"3\">Spawnplots:<\/b> Die ersten 5 Reihen unserer begehrten Spawnplots vergeben wir exklusiv an besonders aktive Spieler! Wenn dein Plot (maximal ein <b data-path-to-node=\"8,0,0\" data-index-in-node=\"143\">Set<\/b> von <b data-path-to-node=\"8,0,0\" data-index-in-node=\"151\">4&#215;4<\/b>) besonders sch\u00f6n bebaut ist, hast du die Chance auf einen Platz in der ersten Reihe!<\/span><\/h4><\/li><li><h4 data-path-to-node=\"8,1,0\"><span style=\"color: #666699;\">\ud83c\udfd7\ufe0f <b data-path-to-node=\"8,1,0\" data-index-in-node=\"4\">Projekt-Umzug:<\/b> Du bist auf einem anderen Server unzufrieden, m\u00f6chtest aber dein Bauprojekt nicht aufgeben? Sende uns einfach eine <b data-path-to-node=\"8,1,0\" data-index-in-node=\"134\">Schematic<\/b> deines Bauwerks. Wir f\u00fcgen es f\u00fcr dich ein, damit du bei uns direkt weitermachen kannst.<\/span><\/h4><\/li><\/ul><p>\u00a0<\/p>\t\t\t\t\t\t\t\t<\/div>\n\t\t\t\t<div class=\"elementor-element elementor-element-80fb7d8 elementor-button-default elementor-widget elementor-widget-button\" data-id=\"80fb7d8\" data-element_type=\"widget\" data-e-type=\"widget\" data-widget_type=\"button.default\">\n\t\t\t\t\t\t\t\t\t\t<a class=\"elementor-button elementor-button-link elementor-size-sm\" href=\"https:\/\/drive.google.com\/drive\/folders\/1skdAWUzFtHefnsmAWn45CN5nCxVFkstf?usp=sharing\">\n\t\t\t\t\t\t<span class=\"elementor-button-content-wrapper\">\n\t\t\t\t\t\t\t\t\t<span class=\"elementor-button-text\">Ressourcenpakete<\/span>\n\t\t\t\t\t<\/span>\n\t\t\t\t\t<\/a>\n\t\t\t\t\t\t\t\t<\/div>\n\t\t\t\t\t<\/div>\n\t\t\t\t<\/div>\n\t\t<div class=\"elementor-element elementor-element-324d8a2 e-flex e-con-boxed e-con e-parent\" data-id=\"324d8a2\" data-element_type=\"container\" data-e-type=\"container\" data-settings=\"{&quot;background_background&quot;:&quot;gradient&quot;}\">\n\t\t\t\t\t<div class=\"e-con-inner\">\n\t\t\t\t<div class=\"elementor-element elementor-element-db8407f elementor-widget elementor-widget-wp-widget-media_audio\" data-id=\"db8407f\" data-element_type=\"widget\" data-e-type=\"widget\" data-widget_type=\"wp-widget-media_audio.default\">\n\t\t\t\t<div class=\"elementor-widget-container\">\n\t\t\t\t\t<audio class=\"wp-audio-shortcode\" id=\"audio-8776-1\" loop preload=\"none\" style=\"width: 100%;\" controls=\"controls\"><source type=\"audio\/mpeg\" src=\"https:\/\/mc-pixelhausen.de\/wp-content\/uploads\/2025\/07\/Testneu.mp3?_=1\" \/><source type=\"audio\/mpeg\" src=\"https:\/\/mc-pixelhausen.de\/wp-content\/uploads\/2025\/07\/Testneu.mp3?_=1\" \/><a href=\"https:\/\/mc-pixelhausen.de\/wp-content\/uploads\/2025\/07\/Testneu.mp3\">https:\/\/mc-pixelhausen.de\/wp-content\/uploads\/2025\/07\/Testneu.mp3<\/a><\/audio>\t\t\t\t<\/div>\n\t\t\t\t<\/div>\n\t\t\t\t\t<\/div>\n\t\t\t\t<\/div>\n\t\t<div class=\"elementor-element elementor-element-d5e7210 e-flex e-con-boxed e-con e-parent\" data-id=\"d5e7210\" data-element_type=\"container\" data-e-type=\"container\" data-settings=\"{&quot;background_background&quot;:&quot;slideshow&quot;,&quot;background_slideshow_gallery&quot;:[{&quot;id&quot;:8816,&quot;url&quot;:&quot;https:\\\/\\\/mc-pixelhausen.de\\\/wp-content\\\/uploads\\\/2025\\\/07\\\/491011738_1880985706008776_7198927073094735026_n.png&quot;},{&quot;id&quot;:8815,&quot;url&quot;:&quot;https:\\\/\\\/mc-pixelhausen.de\\\/wp-content\\\/uploads\\\/2025\\\/07\\\/2025-07-06_20.53.19-1.jpg&quot;},{&quot;id&quot;:8814,&quot;url&quot;:&quot;https:\\\/\\\/mc-pixelhausen.de\\\/wp-content\\\/uploads\\\/2025\\\/07\\\/2025-07-06_20.52.10.jpg&quot;},{&quot;id&quot;:8813,&quot;url&quot;:&quot;https:\\\/\\\/mc-pixelhausen.de\\\/wp-content\\\/uploads\\\/2025\\\/07\\\/2025-07-06_20.52.02.jpg&quot;},{&quot;id&quot;:8812,&quot;url&quot;:&quot;https:\\\/\\\/mc-pixelhausen.de\\\/wp-content\\\/uploads\\\/2025\\\/07\\\/2025-07-06_20.51.52.jpg&quot;},{&quot;id&quot;:8811,&quot;url&quot;:&quot;https:\\\/\\\/mc-pixelhausen.de\\\/wp-content\\\/uploads\\\/2025\\\/07\\\/2025-07-06_20.51.31.png&quot;},{&quot;id&quot;:8810,&quot;url&quot;:&quot;https:\\\/\\\/mc-pixelhausen.de\\\/wp-content\\\/uploads\\\/2025\\\/07\\\/2025-07-06_20.51.22.png&quot;},{&quot;id&quot;:8809,&quot;url&quot;:&quot;https:\\\/\\\/mc-pixelhausen.de\\\/wp-content\\\/uploads\\\/2025\\\/07\\\/2025-07-06_20.51.12.jpg&quot;},{&quot;id&quot;:8808,&quot;url&quot;:&quot;https:\\\/\\\/mc-pixelhausen.de\\\/wp-content\\\/uploads\\\/2025\\\/07\\\/2025-07-06_20.51.00.png&quot;},{&quot;id&quot;:8807,&quot;url&quot;:&quot;https:\\\/\\\/mc-pixelhausen.de\\\/wp-content\\\/uploads\\\/2025\\\/07\\\/2025-07-06_20.50.50.jpg&quot;},{&quot;id&quot;:8806,&quot;url&quot;:&quot;https:\\\/\\\/mc-pixelhausen.de\\\/wp-content\\\/uploads\\\/2025\\\/07\\\/2025-07-06_20.50.25.png&quot;},{&quot;id&quot;:8805,&quot;url&quot;:&quot;https:\\\/\\\/mc-pixelhausen.de\\\/wp-content\\\/uploads\\\/2025\\\/07\\\/2025-07-06_20.49.45.jpg&quot;},{&quot;id&quot;:8804,&quot;url&quot;:&quot;https:\\\/\\\/mc-pixelhausen.de\\\/wp-content\\\/uploads\\\/2025\\\/07\\\/2025-07-06_20.49.22.jpg&quot;},{&quot;id&quot;:8803,&quot;url&quot;:&quot;https:\\\/\\\/mc-pixelhausen.de\\\/wp-content\\\/uploads\\\/2025\\\/07\\\/2025-07-06_20.49.07.jpg&quot;},{&quot;id&quot;:8802,&quot;url&quot;:&quot;https:\\\/\\\/mc-pixelhausen.de\\\/wp-content\\\/uploads\\\/2025\\\/07\\\/2025-07-06_20.49.00.jpg&quot;},{&quot;id&quot;:8801,&quot;url&quot;:&quot;https:\\\/\\\/mc-pixelhausen.de\\\/wp-content\\\/uploads\\\/2025\\\/07\\\/2025-07-06_20.48.53.jpg&quot;},{&quot;id&quot;:8800,&quot;url&quot;:&quot;https:\\\/\\\/mc-pixelhausen.de\\\/wp-content\\\/uploads\\\/2025\\\/07\\\/2025-07-06_20.48.47.jpg&quot;},{&quot;id&quot;:8799,&quot;url&quot;:&quot;https:\\\/\\\/mc-pixelhausen.de\\\/wp-content\\\/uploads\\\/2025\\\/07\\\/2025-07-06_20.48.40.jpg&quot;},{&quot;id&quot;:8798,&quot;url&quot;:&quot;https:\\\/\\\/mc-pixelhausen.de\\\/wp-content\\\/uploads\\\/2025\\\/07\\\/2025-07-06_20.48.27.jpg&quot;},{&quot;id&quot;:8797,&quot;url&quot;:&quot;https:\\\/\\\/mc-pixelhausen.de\\\/wp-content\\\/uploads\\\/2025\\\/07\\\/2025-07-06_20.48.21-1.jpg&quot;},{&quot;id&quot;:8796,&quot;url&quot;:&quot;https:\\\/\\\/mc-pixelhausen.de\\\/wp-content\\\/uploads\\\/2025\\\/07\\\/2025-07-06_20.48.14-1.jpg&quot;},{&quot;id&quot;:8795,&quot;url&quot;:&quot;https:\\\/\\\/mc-pixelhausen.de\\\/wp-content\\\/uploads\\\/2025\\\/07\\\/2025-07-06_20.48.08-1.jpg&quot;},{&quot;id&quot;:8794,&quot;url&quot;:&quot;https:\\\/\\\/mc-pixelhausen.de\\\/wp-content\\\/uploads\\\/2025\\\/07\\\/2025-07-06_20.48.21.jpg&quot;},{&quot;id&quot;:8793,&quot;url&quot;:&quot;https:\\\/\\\/mc-pixelhausen.de\\\/wp-content\\\/uploads\\\/2025\\\/07\\\/2025-07-06_20.48.14.jpg&quot;},{&quot;id&quot;:8792,&quot;url&quot;:&quot;https:\\\/\\\/mc-pixelhausen.de\\\/wp-content\\\/uploads\\\/2025\\\/07\\\/2025-07-06_20.48.08.jpg&quot;},{&quot;id&quot;:8791,&quot;url&quot;:&quot;https:\\\/\\\/mc-pixelhausen.de\\\/wp-content\\\/uploads\\\/2025\\\/07\\\/2025-07-06_20.47.58.jpg&quot;},{&quot;id&quot;:8790,&quot;url&quot;:&quot;https:\\\/\\\/mc-pixelhausen.de\\\/wp-content\\\/uploads\\\/2025\\\/07\\\/2025-07-06_20.47.51.jpg&quot;},{&quot;id&quot;:8789,&quot;url&quot;:&quot;https:\\\/\\\/mc-pixelhausen.de\\\/wp-content\\\/uploads\\\/2025\\\/07\\\/2025-07-06_20.47.34.png&quot;},{&quot;id&quot;:8788,&quot;url&quot;:&quot;https:\\\/\\\/mc-pixelhausen.de\\\/wp-content\\\/uploads\\\/2025\\\/07\\\/2025-07-06_20.47.24.png&quot;},{&quot;id&quot;:8787,&quot;url&quot;:&quot;https:\\\/\\\/mc-pixelhausen.de\\\/wp-content\\\/uploads\\\/2025\\\/07\\\/2025-07-06_20.47.07.png&quot;},{&quot;id&quot;:8786,&quot;url&quot;:&quot;https:\\\/\\\/mc-pixelhausen.de\\\/wp-content\\\/uploads\\\/2025\\\/07\\\/2025-07-06_20.47.04.png&quot;},{&quot;id&quot;:8785,&quot;url&quot;:&quot;https:\\\/\\\/mc-pixelhausen.de\\\/wp-content\\\/uploads\\\/2025\\\/07\\\/2025-07-06_20.53.19.jpg&quot;},{&quot;id&quot;:8784,&quot;url&quot;:&quot;https:\\\/\\\/mc-pixelhausen.de\\\/wp-content\\\/uploads\\\/2025\\\/07\\\/2025-07-06_20.46.44.png&quot;},{&quot;id&quot;:8783,&quot;url&quot;:&quot;https:\\\/\\\/mc-pixelhausen.de\\\/wp-content\\\/uploads\\\/2025\\\/07\\\/2025-07-06_20.46.56.png&quot;},{&quot;id&quot;:8762,&quot;url&quot;:&quot;https:\\\/\\\/mc-pixelhausen.de\\\/wp-content\\\/uploads\\\/2025\\\/07\\\/2025-07-06_15.04.40.png&quot;},{&quot;id&quot;:8761,&quot;url&quot;:&quot;https:\\\/\\\/mc-pixelhausen.de\\\/wp-content\\\/uploads\\\/2025\\\/07\\\/2025-07-06_14.23.00.png&quot;},{&quot;id&quot;:8759,&quot;url&quot;:&quot;https:\\\/\\\/mc-pixelhausen.de\\\/wp-content\\\/uploads\\\/2025\\\/07\\\/2025-07-06_14.21.50.jpg&quot;},{&quot;id&quot;:8757,&quot;url&quot;:&quot;https:\\\/\\\/mc-pixelhausen.de\\\/wp-content\\\/uploads\\\/2025\\\/07\\\/2025-07-06_14.21.35.jpg&quot;},{&quot;id&quot;:8756,&quot;url&quot;:&quot;https:\\\/\\\/mc-pixelhausen.de\\\/wp-content\\\/uploads\\\/2025\\\/07\\\/2025-07-06_14.21.09.png&quot;},{&quot;id&quot;:8755,&quot;url&quot;:&quot;https:\\\/\\\/mc-pixelhausen.de\\\/wp-content\\\/uploads\\\/2025\\\/07\\\/2025-07-06_14.20.55.jpg&quot;},{&quot;id&quot;:8753,&quot;url&quot;:&quot;https:\\\/\\\/mc-pixelhausen.de\\\/wp-content\\\/uploads\\\/2025\\\/07\\\/2025-07-06_14.20.01.jpg&quot;},{&quot;id&quot;:8752,&quot;url&quot;:&quot;https:\\\/\\\/mc-pixelhausen.de\\\/wp-content\\\/uploads\\\/2025\\\/07\\\/2025-07-06_14.19.45.jpg&quot;},{&quot;id&quot;:8750,&quot;url&quot;:&quot;https:\\\/\\\/mc-pixelhausen.de\\\/wp-content\\\/uploads\\\/2025\\\/07\\\/2025-07-06_14.18.08.jpg&quot;},{&quot;id&quot;:8748,&quot;url&quot;:&quot;https:\\\/\\\/mc-pixelhausen.de\\\/wp-content\\\/uploads\\\/2025\\\/07\\\/2025-07-06_14.17.06.jpg&quot;},{&quot;id&quot;:8746,&quot;url&quot;:&quot;https:\\\/\\\/mc-pixelhausen.de\\\/wp-content\\\/uploads\\\/2025\\\/07\\\/2025-07-06_14.16.27.jpg&quot;},{&quot;id&quot;:8743,&quot;url&quot;:&quot;https:\\\/\\\/mc-pixelhausen.de\\\/wp-content\\\/uploads\\\/2025\\\/07\\\/2025-07-06_14.14.48.jpg&quot;},{&quot;id&quot;:8742,&quot;url&quot;:&quot;https:\\\/\\\/mc-pixelhausen.de\\\/wp-content\\\/uploads\\\/2025\\\/07\\\/2025-07-06_14.14.28.jpg&quot;},{&quot;id&quot;:8738,&quot;url&quot;:&quot;https:\\\/\\\/mc-pixelhausen.de\\\/wp-content\\\/uploads\\\/2025\\\/07\\\/2025-07-06_14.19.34.png&quot;},{&quot;id&quot;:8737,&quot;url&quot;:&quot;https:\\\/\\\/mc-pixelhausen.de\\\/wp-content\\\/uploads\\\/2025\\\/07\\\/2025-07-06_14.18.27.png&quot;},{&quot;id&quot;:8751,&quot;url&quot;:&quot;https:\\\/\\\/mc-pixelhausen.de\\\/wp-content\\\/uploads\\\/2025\\\/07\\\/2025-07-06_14.18.57.png&quot;},{&quot;id&quot;:8749,&quot;url&quot;:&quot;https:\\\/\\\/mc-pixelhausen.de\\\/wp-content\\\/uploads\\\/2025\\\/07\\\/2025-07-06_14.17.46.jpg&quot;}],&quot;background_slideshow_loop&quot;:&quot;yes&quot;,&quot;background_slideshow_slide_duration&quot;:5000,&quot;background_slideshow_slide_transition&quot;:&quot;fade&quot;,&quot;background_slideshow_transition_duration&quot;:500}\">\n\t\t\t\t\t<div class=\"e-con-inner\">\n\t\t\t\t<div class=\"elementor-element elementor-element-222fcec elementor-button-default elementor-widget elementor-widget-button\" data-id=\"222fcec\" data-element_type=\"widget\" data-e-type=\"widget\" data-widget_type=\"button.default\">\n\t\t\t\t\t\t\t\t\t\t<a class=\"elementor-button elementor-button-link elementor-size-sm\" href=\"https:\/\/discord.gg\/jMwfpQsBB5\">\n\t\t\t\t\t\t<span class=\"elementor-button-content-wrapper\">\n\t\t\t\t\t\t<span class=\"elementor-button-icon\">\n\t\t\t\t<i aria-hidden=\"true\" class=\"gamico-icon- gamico-icon-discord\"><\/i>\t\t\t<\/span>\n\t\t\t\t\t\t\t\t\t<span class=\"elementor-button-text\">Discord<\/span>\n\t\t\t\t\t<\/span>\n\t\t\t\t\t<\/a>\n\t\t\t\t\t\t\t\t<\/div>\n\t\t\t\t\t<\/div>\n\t\t\t\t<\/div>\n\t\t<div class=\"elementor-element elementor-element-6774a72 e-flex e-con-boxed e-con e-parent\" data-id=\"6774a72\" data-element_type=\"container\" data-e-type=\"container\" data-settings=\"{&quot;background_background&quot;:&quot;gradient&quot;}\">\n\t\t\t\t\t<div class=\"e-con-inner\">\n\t\t\t\t<div class=\"elementor-element elementor-element-a35ce25 elementor-widget elementor-widget-spacer\" data-id=\"a35ce25\" data-element_type=\"widget\" data-e-type=\"widget\" data-widget_type=\"spacer.default\">\n\t\t\t\t\t\t\t<div class=\"elementor-spacer\">\n\t\t\t<div class=\"elementor-spacer-inner\"><\/div>\n\t\t<\/div>\n\t\t\t\t\t\t<\/div>\n\t\t\t\t\t<\/div>\n\t\t\t\t<\/div>\n\t\t\t\t<\/div>\n\t\t","protected":false},"excerpt":{"rendered":"<p>\u00a0 \ud83c\udfdb\ufe0f Citybuild: Das Herz von Pixelhausen \u2013 Deine Welt, deine Geschichte! \ud83c\udfdb\ufe0f Willkommen in der Welt von Pixelhausen! Unser Citybuild-Netzwerk bietet dir ein einheitliches Spielerlebnis \u00fcber verschiedene Versionen hinweg (aktuell 1.20.1 und 1.21.1). Entdecke eine Welt, die weit \u00fcber das Standard-Minecraft hinausgeht: Mit einem Set von \u00fcber 200 neuen Bl\u00f6cken, darunter die hei\u00df ersehnten [&hellip;]<\/p>\n","protected":false},"author":1,"featured_media":0,"parent":8214,"menu_order":0,"comment_status":"closed","ping_status":"closed","template":"","meta":{"footnotes":""},"class_list":["post-8776","page","type-page","status-publish","hentry"],"_links":{"self":[{"href":"https:\/\/mc-pixelhausen.de\/index.php?rest_route=\/wp\/v2\/pages\/8776","targetHints":{"allow":["GET"]}}],"collection":[{"href":"https:\/\/mc-pixelhausen.de\/index.php?rest_route=\/wp\/v2\/pages"}],"about":[{"href":"https:\/\/mc-pixelhausen.de\/index.php?rest_route=\/wp\/v2\/types\/page"}],"author":[{"embeddable":true,"href":"https:\/\/mc-pixelhausen.de\/index.php?rest_route=\/wp\/v2\/users\/1"}],"replies":[{"embeddable":true,"href":"https:\/\/mc-pixelhausen.de\/index.php?rest_route=%2Fwp%2Fv2%2Fcomments&post=8776"}],"version-history":[{"count":69,"href":"https:\/\/mc-pixelhausen.de\/index.php?rest_route=\/wp\/v2\/pages\/8776\/revisions"}],"predecessor-version":[{"id":9024,"href":"https:\/\/mc-pixelhausen.de\/index.php?rest_route=\/wp\/v2\/pages\/8776\/revisions\/9024"}],"up":[{"embeddable":true,"href":"https:\/\/mc-pixelhausen.de\/index.php?rest_route=\/wp\/v2\/pages\/8214"}],"wp:attachment":[{"href":"https:\/\/mc-pixelhausen.de\/index.php?rest_route=%2Fwp%2Fv2%2Fmedia&parent=8776"}],"curies":[{"name":"wp","href":"https:\/\/api.w.org\/{rel}","templated":true}]}}